{"id":5023,"date":"2022-08-08T20:00:21","date_gmt":"2022-08-08T20:00:21","guid":{"rendered":"https:\/\/clasesdemecanica.net\/?page_id=5023"},"modified":"2022-08-11T04:54:47","modified_gmt":"2022-08-11T04:54:47","slug":"simulacion-tension-y-deformacion","status":"publish","type":"page","link":"https:\/\/clasesdemecanica.net\/index.php\/simulacion-tension-y-deformacion\/","title":{"rendered":"Simulaci\u00f3n tension y deformacion"},"content":{"rendered":"\t\t<div data-elementor-type=\"wp-page\" data-elementor-id=\"5023\" class=\"elementor elementor-5023\" data-elementor-post-type=\"page\">\n\t\t\t\t\t\t<section class=\"elementor-section elementor-top-section elementor-element elementor-element-7d885b8 elementor-section-boxed elementor-section-height-default elementor-section-height-default\" data-id=\"7d885b8\" data-element_type=\"section\" data-e-type=\"section\">\n\t\t\t\t\t\t<div class=\"elementor-container elementor-column-gap-default\">\n\t\t\t\t\t<div class=\"elementor-column elementor-col-100 elementor-top-column elementor-element elementor-element-f0874ab\" data-id=\"f0874ab\" data-element_type=\"column\" data-e-type=\"column\">\n\t\t\t<div class=\"elementor-widget-wrap elementor-element-populated\">\n\t\t\t\t\t\t<div class=\"elementor-element elementor-element-12fcfb3 elementor-nav-menu--dropdown-tablet elementor-nav-menu__text-align-aside elementor-nav-menu--toggle elementor-nav-menu--burger elementor-widget elementor-widget-nav-menu\" data-id=\"12fcfb3\" data-element_type=\"widget\" data-e-type=\"widget\" data-settings=\"{&quot;layout&quot;:&quot;horizontal&quot;,&quot;submenu_icon&quot;:{&quot;value&quot;:&quot;&lt;i class=\\&quot;fas fa-caret-down\\&quot;&gt;&lt;\\\/i&gt;&quot;,&quot;library&quot;:&quot;fa-solid&quot;},&quot;toggle&quot;:&quot;burger&quot;}\" data-widget_type=\"nav-menu.default\">\n\t\t\t\t<div class=\"elementor-widget-container\">\n\t\t\t\t\t\t\t\t<nav aria-label=\"Men\u00fa\" class=\"elementor-nav-menu--main elementor-nav-menu__container elementor-nav-menu--layout-horizontal e--pointer-underline e--animation-fade\">\n\t\t\t\t<ul id=\"menu-1-12fcfb3\" class=\"elementor-nav-menu\"><li class=\"menu-item menu-item-type-post_type menu-item-object-page menu-item-5050\"><a href=\"https:\/\/clasesdemecanica.net\/index.php\/simulacion\/\" class=\"elementor-item\">SIMULACION<\/a><\/li>\n<li class=\"menu-item menu-item-type-post_type menu-item-object-page menu-item-5049\"><a href=\"https:\/\/clasesdemecanica.net\/index.php\/simulacion-tension-y-deformacion\/\" class=\"elementor-item\">Tensi\u00f3n y Deformaci\u00f3n<\/a><\/li>\n<li class=\"menu-item menu-item-type-post_type menu-item-object-page menu-item-5075\"><a href=\"https:\/\/clasesdemecanica.net\/index.php\/simulacion-parametrizacion\/\" class=\"elementor-item\">Simulaci\u00f3n Parametrizaci\u00f3n<\/a><\/li>\n<\/ul>\t\t\t<\/nav>\n\t\t\t\t\t<div class=\"elementor-menu-toggle\" role=\"button\" tabindex=\"0\" aria-label=\"Alternar men\u00fa\" aria-expanded=\"false\">\n\t\t\t<i aria-hidden=\"true\" role=\"presentation\" class=\"elementor-menu-toggle__icon--open eicon-menu-bar\"><\/i><i aria-hidden=\"true\" role=\"presentation\" class=\"elementor-menu-toggle__icon--close eicon-close\"><\/i>\t\t\t<span class=\"elementor-screen-only\">Men\u00fa<\/span>\n\t\t<\/div>\n\t\t\t\t\t<nav class=\"elementor-nav-menu--dropdown elementor-nav-menu__container\" aria-hidden=\"true\">\n\t\t\t\t<ul id=\"menu-2-12fcfb3\" class=\"elementor-nav-menu\"><li class=\"menu-item menu-item-type-post_type menu-item-object-page menu-item-5050\"><a href=\"https:\/\/clasesdemecanica.net\/index.php\/simulacion\/\" class=\"elementor-item\" tabindex=\"-1\">SIMULACION<\/a><\/li>\n<li class=\"menu-item menu-item-type-post_type menu-item-object-page menu-item-5049\"><a href=\"https:\/\/clasesdemecanica.net\/index.php\/simulacion-tension-y-deformacion\/\" class=\"elementor-item\" tabindex=\"-1\">Tensi\u00f3n y Deformaci\u00f3n<\/a><\/li>\n<li class=\"menu-item menu-item-type-post_type menu-item-object-page menu-item-5075\"><a href=\"https:\/\/clasesdemecanica.net\/index.php\/simulacion-parametrizacion\/\" class=\"elementor-item\" tabindex=\"-1\">Simulaci\u00f3n Parametrizaci\u00f3n<\/a><\/li>\n<\/ul>\t\t\t<\/nav>\n\t\t\t\t\t\t<\/div>\n\t\t\t\t<\/div>\n\t\t\t\t\t<\/div>\n\t\t<\/div>\n\t\t\t\t\t<\/div>\n\t\t<\/section>\n\t\t\t\t<section class=\"elementor-section elementor-top-section elementor-element elementor-element-c169cd6 elementor-section-boxed elementor-section-height-default elementor-section-height-default\" data-id=\"c169cd6\" data-element_type=\"section\" data-e-type=\"section\">\n\t\t\t\t\t\t<div class=\"elementor-container elementor-column-gap-default\">\n\t\t\t\t\t<div class=\"elementor-column elementor-col-100 elementor-top-column elementor-element elementor-element-19a6477\" data-id=\"19a6477\" data-element_type=\"column\" data-e-type=\"column\">\n\t\t\t<div class=\"elementor-widget-wrap elementor-element-populated\">\n\t\t\t\t\t\t<div class=\"elementor-element elementor-element-a54426f elementor-headline--style-highlight elementor-widget elementor-widget-animated-headline\" data-id=\"a54426f\" data-element_type=\"widget\" data-e-type=\"widget\" data-settings=\"{&quot;highlighted_text&quot;:&quot;Est\\u00e1tica Estructural&quot;,&quot;headline_style&quot;:&quot;highlight&quot;,&quot;marker&quot;:&quot;circle&quot;,&quot;loop&quot;:&quot;yes&quot;,&quot;highlight_animation_duration&quot;:1200,&quot;highlight_iteration_delay&quot;:8000}\" data-widget_type=\"animated-headline.default\">\n\t\t\t\t<div class=\"elementor-widget-container\">\n\t\t\t\t\t\t\t<h3 class=\"elementor-headline\">\n\t\t\t\t\t<span class=\"elementor-headline-plain-text elementor-headline-text-wrapper\">Simulaci\u00f3n num\u00e9rica<\/span>\n\t\t\t\t<span class=\"elementor-headline-dynamic-wrapper elementor-headline-text-wrapper\">\n\t\t\t\t\t<span class=\"elementor-headline-dynamic-text elementor-headline-text-active\">Est\u00e1tica Estructural<\/span>\n\t\t\t\t<\/span>\n\t\t\t\t<\/h3>\n\t\t\t\t\t\t<\/div>\n\t\t\t\t<\/div>\n\t\t\t\t\t<\/div>\n\t\t<\/div>\n\t\t\t\t\t<\/div>\n\t\t<\/section>\n\t\t\t\t<section class=\"elementor-section elementor-top-section elementor-element elementor-element-b1baf4f elementor-section-boxed elementor-section-height-default elementor-section-height-default\" data-id=\"b1baf4f\" data-element_type=\"section\" data-e-type=\"section\">\n\t\t\t\t\t\t<div class=\"elementor-container elementor-column-gap-default\">\n\t\t\t\t\t<div class=\"elementor-column elementor-col-50 elementor-top-column elementor-element elementor-element-d49ffe8\" data-id=\"d49ffe8\" data-element_type=\"column\" data-e-type=\"column\">\n\t\t\t<div class=\"elementor-widget-wrap elementor-element-populated\">\n\t\t\t\t\t\t<div class=\"elementor-element elementor-element-b5e66fc elementor-widget elementor-widget-heading\" data-id=\"b5e66fc\" data-element_type=\"widget\" data-e-type=\"widget\" data-widget_type=\"heading.default\">\n\t\t\t\t<div class=\"elementor-widget-container\">\n\t\t\t\t\t<h2 class=\"elementor-heading-title elementor-size-default\"><a href=\"https:\/\/youtu.be\/rEcOQVe2YV8\">Esfuerzo cortante directo<\/a><\/h2>\t\t\t\t<\/div>\n\t\t\t\t<\/div>\n\t\t\t\t<div class=\"elementor-element elementor-element-86408eb elementor-widget elementor-widget-text-editor\" data-id=\"86408eb\" data-element_type=\"widget\" data-e-type=\"widget\" data-widget_type=\"text-editor.default\">\n\t\t\t\t<div class=\"elementor-widget-container\">\n\t\t\t\t\t\t\t\t\t<p><a href=\"https:\/\/youtu.be\/rEcOQVe2YV8\">En el siguiente video se realiza un an\u00e1lisis b\u00e1sico del esfuerzo cortante en el pasador, la ecuaci\u00f3n de utilizada para el c\u00e1lculo de los esfuerzos debe ser cambiada para realizar un an\u00e1lisis mas aproximado. <\/a><\/p><p><a href=\"https:\/\/youtu.be\/rEcOQVe2YV8\">Hace falta tener en cuenta los esfuerzos de contacto, la flexi\u00f3n, entre otros. <\/a><\/p><p><a href=\"https:\/\/youtu.be\/rEcOQVe2YV8\">Para ser una introducci\u00f3n al tema, resulta ser una buena aproximaci\u00f3n.<\/a><\/p>\t\t\t\t\t\t\t\t<\/div>\n\t\t\t\t<\/div>\n\t\t\t\t\t<\/div>\n\t\t<\/div>\n\t\t\t\t<div class=\"elementor-column elementor-col-50 elementor-top-column elementor-element elementor-element-58f0b67\" data-id=\"58f0b67\" data-element_type=\"column\" data-e-type=\"column\">\n\t\t\t<div class=\"elementor-widget-wrap elementor-element-populated\">\n\t\t\t\t\t\t<div class=\"elementor-element elementor-element-a5b7395 elementor-widget elementor-widget-video\" data-id=\"a5b7395\" data-element_type=\"widget\" data-e-type=\"widget\" data-settings=\"{&quot;youtube_url&quot;:&quot;https:\\\/\\\/youtu.be\\\/rEcOQVe2YV8&quot;,&quot;video_type&quot;:&quot;youtube&quot;,&quot;controls&quot;:&quot;yes&quot;}\" data-widget_type=\"video.default\">\n\t\t\t\t<div class=\"elementor-widget-container\">\n\t\t\t\t\t\t\t<div class=\"elementor-wrapper elementor-open-inline\">\n\t\t\t<div class=\"elementor-video\"><\/div>\t\t<\/div>\n\t\t\t\t\t\t<\/div>\n\t\t\t\t<\/div>\n\t\t\t\t\t<\/div>\n\t\t<\/div>\n\t\t\t\t\t<\/div>\n\t\t<\/section>\n\t\t\t\t<section class=\"elementor-section elementor-top-section elementor-element elementor-element-3511bb1 elementor-section-boxed elementor-section-height-default elementor-section-height-default\" data-id=\"3511bb1\" data-element_type=\"section\" data-e-type=\"section\">\n\t\t\t\t\t\t<div class=\"elementor-container elementor-column-gap-default\">\n\t\t\t\t\t<div class=\"elementor-column elementor-col-50 elementor-top-column elementor-element elementor-element-e5e2484\" data-id=\"e5e2484\" data-element_type=\"column\" data-e-type=\"column\">\n\t\t\t<div class=\"elementor-widget-wrap elementor-element-populated\">\n\t\t\t\t\t\t<div class=\"elementor-element elementor-element-e89135b elementor-widget elementor-widget-image\" data-id=\"e89135b\" data-element_type=\"widget\" data-e-type=\"widget\" data-widget_type=\"image.default\">\n\t\t\t\t<div class=\"elementor-widget-container\">\n\t\t\t\t\t\t\t\t\t\t\t\t\t\t\t\t<a href=\"https:\/\/youtu.be\/an5gH_zjvRA\">\n\t\t\t\t\t\t\t<img fetchpriority=\"high\" decoding=\"async\" width=\"800\" height=\"455\" src=\"https:\/\/clasesdemecanica.net\/wp-content\/uploads\/2022\/08\/Elemento-empotrado-en-los-extremos-1024x582.png\" class=\"attachment-large size-large wp-image-5025\" alt=\"\" srcset=\"https:\/\/clasesdemecanica.net\/wp-content\/uploads\/2022\/08\/Elemento-empotrado-en-los-extremos-1024x582.png 1024w, https:\/\/clasesdemecanica.net\/wp-content\/uploads\/2022\/08\/Elemento-empotrado-en-los-extremos-300x171.png 300w, https:\/\/clasesdemecanica.net\/wp-content\/uploads\/2022\/08\/Elemento-empotrado-en-los-extremos-768x437.png 768w, https:\/\/clasesdemecanica.net\/wp-content\/uploads\/2022\/08\/Elemento-empotrado-en-los-extremos.png 1073w\" sizes=\"(max-width: 800px) 100vw, 800px\" \/>\t\t\t\t\t\t\t\t<\/a>\n\t\t\t\t\t\t\t\t\t\t\t\t\t\t\t<\/div>\n\t\t\t\t<\/div>\n\t\t\t\t\t<\/div>\n\t\t<\/div>\n\t\t\t\t<div class=\"elementor-column elementor-col-50 elementor-top-column elementor-element elementor-element-510d012\" data-id=\"510d012\" data-element_type=\"column\" data-e-type=\"column\">\n\t\t\t<div class=\"elementor-widget-wrap elementor-element-populated\">\n\t\t\t\t\t\t<div class=\"elementor-element elementor-element-1397e6e elementor-widget elementor-widget-heading\" data-id=\"1397e6e\" data-element_type=\"widget\" data-e-type=\"widget\" data-widget_type=\"heading.default\">\n\t\t\t\t<div class=\"elementor-widget-container\">\n\t\t\t\t\t<h2 class=\"elementor-heading-title elementor-size-default\"><a href=\"https:\/\/youtu.be\/an5gH_zjvRA\">Barra de secci\u00f3n circular empotrada en los extremos<\/a><\/h2>\t\t\t\t<\/div>\n\t\t\t\t<\/div>\n\t\t\t\t<div class=\"elementor-element elementor-element-d655052 elementor-widget elementor-widget-text-editor\" data-id=\"d655052\" data-element_type=\"widget\" data-e-type=\"widget\" data-widget_type=\"text-editor.default\">\n\t\t\t\t<div class=\"elementor-widget-container\">\n\t\t\t\t\t\t\t\t\t<p><a href=\"https:\/\/youtu.be\/an5gH_zjvRA\">En este ejercicio vemos un elemento de secci\u00f3n circular con dos di\u00e1metros diferentes. El di\u00e1metro menor corresponde a un bronce con E = 120 GPa. El di\u00e1metro mayor corresponde a un aluminio con un E = 72 GPa. El elemento se encuentra empotrado en los extremos y cargado con una fuerza externa de 60 kN y 35 kN, como se muestra en la figura.<\/a><\/p><p><a href=\"https:\/\/youtu.be\/an5gH_zjvRA\">Con los valores de esfuerzo obtenidos en la simulaci\u00f3n determine el valor del di\u00e1metro de cada uno de los cilindros.\u00a0<\/a><\/p><p><a href=\"https:\/\/youtu.be\/an5gH_zjvRA\">Ahora, determine su deformaci\u00f3n longitudinal.<\/a><\/p>\t\t\t\t\t\t\t\t<\/div>\n\t\t\t\t<\/div>\n\t\t\t\t\t<\/div>\n\t\t<\/div>\n\t\t\t\t\t<\/div>\n\t\t<\/section>\n\t\t\t\t<\/div>\n\t\t","protected":false},"excerpt":{"rendered":"<p>Simulaci\u00f3n num\u00e9rica Est\u00e1tica Estructural Esfuerzo cortante directo En el siguiente video se realiza un an\u00e1lisis b\u00e1sico del esfuerzo cortante en el pasador, la ecuaci\u00f3n de utilizada para el c\u00e1lculo de los esfuerzos debe ser cambiada para realizar un an\u00e1lisis mas aproximado. Hace falta tener en cuenta los esfuerzos de contacto, la flexi\u00f3n, entre otros. Para [&hellip;]<\/p>\n","protected":false},"author":1,"featured_media":0,"parent":0,"menu_order":0,"comment_status":"closed","ping_status":"closed","template":"","meta":{"footnotes":""},"class_list":["post-5023","page","type-page","status-publish","hentry"],"_links":{"self":[{"href":"https:\/\/clasesdemecanica.net\/index.php\/wp-json\/wp\/v2\/pages\/5023","targetHints":{"allow":["GET"]}}],"collection":[{"href":"https:\/\/clasesdemecanica.net\/index.php\/wp-json\/wp\/v2\/pages"}],"about":[{"href":"https:\/\/clasesdemecanica.net\/index.php\/wp-json\/wp\/v2\/types\/page"}],"author":[{"embeddable":true,"href":"https:\/\/clasesdemecanica.net\/index.php\/wp-json\/wp\/v2\/users\/1"}],"replies":[{"embeddable":true,"href":"https:\/\/clasesdemecanica.net\/index.php\/wp-json\/wp\/v2\/comments?post=5023"}],"version-history":[{"count":23,"href":"https:\/\/clasesdemecanica.net\/index.php\/wp-json\/wp\/v2\/pages\/5023\/revisions"}],"predecessor-version":[{"id":5119,"href":"https:\/\/clasesdemecanica.net\/index.php\/wp-json\/wp\/v2\/pages\/5023\/revisions\/5119"}],"wp:attachment":[{"href":"https:\/\/clasesdemecanica.net\/index.php\/wp-json\/wp\/v2\/media?parent=5023"}],"curies":[{"name":"wp","href":"https:\/\/api.w.org\/{rel}","templated":true}]}}