{"id":5577,"date":"2022-12-09T15:42:44","date_gmt":"2022-12-09T15:42:44","guid":{"rendered":"https:\/\/clasesdemecanica.net\/?page_id=5577"},"modified":"2024-01-11T16:32:45","modified_gmt":"2024-01-11T16:32:45","slug":"vectores-unitarios","status":"publish","type":"page","link":"https:\/\/clasesdemecanica.net\/index.php\/vectores-unitarios\/","title":{"rendered":"Vectores Unitarios"},"content":{"rendered":"\t\t<div data-elementor-type=\"wp-page\" data-elementor-id=\"5577\" class=\"elementor elementor-5577\" data-elementor-post-type=\"page\">\n\t\t\t\t\t\t<section class=\"elementor-section elementor-top-section elementor-element elementor-element-6eab3dee elementor-section-content-middle elementor-section-full_width elementor-section-height-default elementor-section-height-default\" data-id=\"6eab3dee\" data-element_type=\"section\" data-e-type=\"section\" data-settings=\"{&quot;background_background&quot;:&quot;classic&quot;}\">\n\t\t\t\t\t\t<div class=\"elementor-container elementor-column-gap-no\">\n\t\t\t\t\t<div class=\"elementor-column elementor-col-100 elementor-top-column elementor-element elementor-element-646dde05\" data-id=\"646dde05\" data-element_type=\"column\" data-e-type=\"column\">\n\t\t\t<div class=\"elementor-widget-wrap elementor-element-populated\">\n\t\t\t\t\t\t<div class=\"elementor-element elementor-element-1434de9 elementor-widget elementor-widget-heading\" data-id=\"1434de9\" data-element_type=\"widget\" data-e-type=\"widget\" data-widget_type=\"heading.default\">\n\t\t\t\t<div class=\"elementor-widget-container\">\n\t\t\t\t\t<h4 class=\"elementor-heading-title elementor-size-default\">VECTORES UNITARIOS<\/h4>\t\t\t\t<\/div>\n\t\t\t\t<\/div>\n\t\t\t\t<div class=\"elementor-element elementor-element-9f31a63 elementor-widget-divider--separator-type-pattern elementor-widget-divider--no-spacing elementor-widget-divider--view-line elementor-widget elementor-widget-divider\" data-id=\"9f31a63\" data-element_type=\"widget\" data-e-type=\"widget\" data-widget_type=\"divider.default\">\n\t\t\t\t<div class=\"elementor-widget-container\">\n\t\t\t\t\t\t\t<div class=\"elementor-divider\" style=\"--divider-pattern-url: url(&quot;data:image\/svg+xml,%3Csvg xmlns=&#039;http:\/\/www.w3.org\/2000\/svg&#039; preserveAspectRatio=&#039;xMidYMid meet&#039; overflow=&#039;visible&#039; height=&#039;100%&#039; viewBox=&#039;0 0 120 26&#039; fill=&#039;black&#039; stroke=&#039;none&#039;%3E%3Cpolygon points=&#039;0,14.4 0,21 11.5,12.4 21.3,20 30.4,11.1 40.3,20 51,12.4 60.6,20 69.6,11.1 79.3,20 90.1,12.4 99.6,20 109.7,11.1 120,21 120,14.4 109.7,5 99.6,13 90.1,5 79.3,14.5 71,5.7 60.6,12.4 51,5 40.3,14.5 31.1,5 21.3,13 11.5,5 \t&#039;\/%3E%3C\/svg%3E&quot;);\">\n\t\t\t<span class=\"elementor-divider-separator\">\n\t\t\t\t\t\t<\/span>\n\t\t<\/div>\n\t\t\t\t\t\t<\/div>\n\t\t\t\t<\/div>\n\t\t\t\t\t<\/div>\n\t\t<\/div>\n\t\t\t\t\t<\/div>\n\t\t<\/section>\n\t\t\t\t<section class=\"elementor-section elementor-top-section elementor-element elementor-element-62ffad5 elementor-section-boxed elementor-section-height-default elementor-section-height-default\" data-id=\"62ffad5\" data-element_type=\"section\" data-e-type=\"section\">\n\t\t\t\t\t\t<div class=\"elementor-container elementor-column-gap-default\">\n\t\t\t\t\t<div class=\"elementor-column elementor-col-100 elementor-top-column elementor-element elementor-element-d882e46\" data-id=\"d882e46\" data-element_type=\"column\" data-e-type=\"column\">\n\t\t\t<div class=\"elementor-widget-wrap elementor-element-populated\">\n\t\t\t\t\t\t<div class=\"elementor-element elementor-element-9f0f91d elementor-widget elementor-widget-heading\" data-id=\"9f0f91d\" data-element_type=\"widget\" data-e-type=\"widget\" data-widget_type=\"heading.default\">\n\t\t\t\t<div class=\"elementor-widget-container\">\n\t\t\t\t\t<h2 class=\"elementor-heading-title elementor-size-default\">Caracter\u00edsticas del Vector Unitario.<\/h2>\t\t\t\t<\/div>\n\t\t\t\t<\/div>\n\t\t\t\t\t<\/div>\n\t\t<\/div>\n\t\t\t\t\t<\/div>\n\t\t<\/section>\n\t\t\t\t<section class=\"elementor-section elementor-top-section elementor-element elementor-element-a4b6746 elementor-section-boxed elementor-section-height-default elementor-section-height-default\" data-id=\"a4b6746\" data-element_type=\"section\" data-e-type=\"section\">\n\t\t\t\t\t\t<div class=\"elementor-container elementor-column-gap-default\">\n\t\t\t\t\t<div class=\"elementor-column elementor-col-100 elementor-top-column elementor-element elementor-element-6afad38\" data-id=\"6afad38\" data-element_type=\"column\" data-e-type=\"column\">\n\t\t\t<div class=\"elementor-widget-wrap elementor-element-populated\">\n\t\t\t\t\t\t<div class=\"elementor-element elementor-element-39b311f elementor-widget elementor-widget-image\" data-id=\"39b311f\" data-element_type=\"widget\" data-e-type=\"widget\" data-widget_type=\"image.default\">\n\t\t\t\t<div class=\"elementor-widget-container\">\n\t\t\t\t\t\t\t\t\t\t\t\t\t\t\t<img fetchpriority=\"high\" decoding=\"async\" width=\"1457\" height=\"1920\" src=\"https:\/\/clasesdemecanica.net\/wp-content\/uploads\/2022\/12\/Vector-unitario.jpg\" class=\"attachment-full size-full wp-image-5579\" alt=\"\" srcset=\"https:\/\/clasesdemecanica.net\/wp-content\/uploads\/2022\/12\/Vector-unitario.jpg 1457w, https:\/\/clasesdemecanica.net\/wp-content\/uploads\/2022\/12\/Vector-unitario-228x300.jpg 228w, https:\/\/clasesdemecanica.net\/wp-content\/uploads\/2022\/12\/Vector-unitario-777x1024.jpg 777w, https:\/\/clasesdemecanica.net\/wp-content\/uploads\/2022\/12\/Vector-unitario-768x1012.jpg 768w, https:\/\/clasesdemecanica.net\/wp-content\/uploads\/2022\/12\/Vector-unitario-1166x1536.jpg 1166w, https:\/\/clasesdemecanica.net\/wp-content\/uploads\/2022\/12\/Vector-unitario-1554x2048.jpg 1554w\" sizes=\"(max-width: 1457px) 100vw, 1457px\" \/>\t\t\t\t\t\t\t\t\t\t\t\t\t\t\t<\/div>\n\t\t\t\t<\/div>\n\t\t\t\t\t<\/div>\n\t\t<\/div>\n\t\t\t\t\t<\/div>\n\t\t<\/section>\n\t\t\t\t<section class=\"elementor-section elementor-top-section elementor-element elementor-element-7013a20 elementor-section-boxed elementor-section-height-default elementor-section-height-default\" data-id=\"7013a20\" data-element_type=\"section\" data-e-type=\"section\">\n\t\t\t\t\t\t<div class=\"elementor-container elementor-column-gap-default\">\n\t\t\t\t\t<div class=\"elementor-column elementor-col-100 elementor-top-column elementor-element elementor-element-f8eda84\" data-id=\"f8eda84\" data-element_type=\"column\" data-e-type=\"column\">\n\t\t\t<div class=\"elementor-widget-wrap elementor-element-populated\">\n\t\t\t\t\t\t<div class=\"elementor-element elementor-element-1dbf82a elementor-widget-divider--view-line elementor-widget elementor-widget-divider\" data-id=\"1dbf82a\" data-element_type=\"widget\" data-e-type=\"widget\" data-widget_type=\"divider.default\">\n\t\t\t\t<div class=\"elementor-widget-container\">\n\t\t\t\t\t\t\t<div class=\"elementor-divider\">\n\t\t\t<span class=\"elementor-divider-separator\">\n\t\t\t\t\t\t<\/span>\n\t\t<\/div>\n\t\t\t\t\t\t<\/div>\n\t\t\t\t<\/div>\n\t\t\t\t<section class=\"elementor-section elementor-inner-section elementor-element elementor-element-a8fa04c elementor-section-boxed elementor-section-height-default elementor-section-height-default\" data-id=\"a8fa04c\" data-element_type=\"section\" data-e-type=\"section\">\n\t\t\t\t\t\t<div class=\"elementor-container elementor-column-gap-default\">\n\t\t\t\t\t<div class=\"elementor-column elementor-col-50 elementor-inner-column elementor-element elementor-element-c228005\" data-id=\"c228005\" data-element_type=\"column\" data-e-type=\"column\">\n\t\t\t<div class=\"elementor-widget-wrap elementor-element-populated\">\n\t\t\t\t\t\t<div class=\"elementor-element elementor-element-3fc4744 elementor-widget elementor-widget-heading\" data-id=\"3fc4744\" data-element_type=\"widget\" data-e-type=\"widget\" data-widget_type=\"heading.default\">\n\t\t\t\t<div class=\"elementor-widget-container\">\n\t\t\t\t\t<h3 class=\"elementor-heading-title elementor-size-default\">Calculo del vector unitario para determinar componentes vectoriales<\/h3>\t\t\t\t<\/div>\n\t\t\t\t<\/div>\n\t\t\t\t<div class=\"elementor-element elementor-element-44729c1 elementor-widget elementor-widget-text-editor\" data-id=\"44729c1\" data-element_type=\"widget\" data-e-type=\"widget\" data-widget_type=\"text-editor.default\">\n\t\t\t\t<div class=\"elementor-widget-container\">\n\t\t\t\t\t\t\t\t\t<p>2.88 Para el marco y el cable del problema 2.87, determine las componentes de la fuerza ejercida por el cable sobre el soporte en E.<\/p><p>2.87 Un marco ABC est\u00e1 sostenido en parte por el cable DBE, el cual pasa a trav\u00e9s de un anillo sin fricci\u00f3n en B. Si se sabe que la tensi\u00f3n en el cable es de 385 N, determine las\u00a0 componentes de la fuerza ejercida por el cable sobre el soporte en D.<\/p>\t\t\t\t\t\t\t\t<\/div>\n\t\t\t\t<\/div>\n\t\t\t\t\t<\/div>\n\t\t<\/div>\n\t\t\t\t<div class=\"elementor-column elementor-col-50 elementor-inner-column elementor-element elementor-element-106e659\" data-id=\"106e659\" data-element_type=\"column\" data-e-type=\"column\">\n\t\t\t<div class=\"elementor-widget-wrap elementor-element-populated\">\n\t\t\t\t\t\t<div class=\"elementor-element elementor-element-b996b4d elementor-widget elementor-widget-video\" data-id=\"b996b4d\" data-element_type=\"widget\" data-e-type=\"widget\" data-settings=\"{&quot;youtube_url&quot;:&quot;https:\\\/\\\/youtu.be\\\/nQE744UD940&quot;,&quot;video_type&quot;:&quot;youtube&quot;,&quot;controls&quot;:&quot;yes&quot;}\" data-widget_type=\"video.default\">\n\t\t\t\t<div class=\"elementor-widget-container\">\n\t\t\t\t\t\t\t<div class=\"elementor-wrapper elementor-open-inline\">\n\t\t\t<div class=\"elementor-video\"><\/div>\t\t<\/div>\n\t\t\t\t\t\t<\/div>\n\t\t\t\t<\/div>\n\t\t\t\t\t<\/div>\n\t\t<\/div>\n\t\t\t\t\t<\/div>\n\t\t<\/section>\n\t\t\t\t\t<\/div>\n\t\t<\/div>\n\t\t\t\t\t<\/div>\n\t\t<\/section>\n\t\t\t\t<\/div>\n\t\t","protected":false},"excerpt":{"rendered":"<p>VECTORES UNITARIOS Caracter\u00edsticas del Vector Unitario. Calculo del vector unitario para determinar componentes vectoriales 2.88 Para el marco y el cable del problema 2.87, determine las componentes de la fuerza ejercida por el cable sobre el soporte en E. 2.87 Un marco ABC est\u00e1 sostenido en parte por el cable DBE, el cual pasa a [&hellip;]<\/p>\n","protected":false},"author":1,"featured_media":0,"parent":0,"menu_order":0,"comment_status":"closed","ping_status":"closed","template":"","meta":{"footnotes":""},"class_list":["post-5577","page","type-page","status-publish","hentry"],"_links":{"self":[{"href":"https:\/\/clasesdemecanica.net\/index.php\/wp-json\/wp\/v2\/pages\/5577","targetHints":{"allow":["GET"]}}],"collection":[{"href":"https:\/\/clasesdemecanica.net\/index.php\/wp-json\/wp\/v2\/pages"}],"about":[{"href":"https:\/\/clasesdemecanica.net\/index.php\/wp-json\/wp\/v2\/types\/page"}],"author":[{"embeddable":true,"href":"https:\/\/clasesdemecanica.net\/index.php\/wp-json\/wp\/v2\/users\/1"}],"replies":[{"embeddable":true,"href":"https:\/\/clasesdemecanica.net\/index.php\/wp-json\/wp\/v2\/comments?post=5577"}],"version-history":[{"count":10,"href":"https:\/\/clasesdemecanica.net\/index.php\/wp-json\/wp\/v2\/pages\/5577\/revisions"}],"predecessor-version":[{"id":7870,"href":"https:\/\/clasesdemecanica.net\/index.php\/wp-json\/wp\/v2\/pages\/5577\/revisions\/7870"}],"wp:attachment":[{"href":"https:\/\/clasesdemecanica.net\/index.php\/wp-json\/wp\/v2\/media?parent=5577"}],"curies":[{"name":"wp","href":"https:\/\/api.w.org\/{rel}","templated":true}]}}