{"id":8573,"date":"2024-11-26T02:13:16","date_gmt":"2024-11-26T02:13:16","guid":{"rendered":"https:\/\/clasesdemecanica.net\/?page_id=8573"},"modified":"2024-11-26T02:15:18","modified_gmt":"2024-11-26T02:15:18","slug":"mecanica-de-materiales-beer-jhonston-6-ed","status":"publish","type":"page","link":"https:\/\/clasesdemecanica.net\/index.php\/mecanica-de-materiales-beer-jhonston-6-ed\/","title":{"rendered":"Mec\u00e1nica de Materiales &#8211; Beer &amp; Jhonston 6 Ed."},"content":{"rendered":"\t\t<div data-elementor-type=\"wp-page\" data-elementor-id=\"8573\" class=\"elementor elementor-8573\" data-elementor-post-type=\"page\">\n\t\t\t\t\t\t<section class=\"elementor-section elementor-top-section elementor-element elementor-element-747d01a elementor-section-boxed elementor-section-height-default elementor-section-height-default\" data-id=\"747d01a\" data-element_type=\"section\" data-e-type=\"section\">\n\t\t\t\t\t\t<div class=\"elementor-container elementor-column-gap-default\">\n\t\t\t\t\t<div class=\"elementor-column elementor-col-100 elementor-top-column elementor-element elementor-element-3a47baa\" data-id=\"3a47baa\" data-element_type=\"column\" data-e-type=\"column\">\n\t\t\t<div class=\"elementor-widget-wrap elementor-element-populated\">\n\t\t\t\t\t\t<section class=\"elementor-section elementor-inner-section elementor-element elementor-element-07c0ac9 elementor-section-boxed elementor-section-height-default elementor-section-height-default\" data-id=\"07c0ac9\" data-element_type=\"section\" data-e-type=\"section\">\n\t\t\t\t\t\t<div class=\"elementor-container elementor-column-gap-default\">\n\t\t\t\t\t<div class=\"elementor-column elementor-col-100 elementor-inner-column elementor-element elementor-element-521d44d\" data-id=\"521d44d\" data-element_type=\"column\" data-e-type=\"column\">\n\t\t\t<div class=\"elementor-widget-wrap elementor-element-populated\">\n\t\t\t\t\t\t<div class=\"elementor-element elementor-element-c617bb2 elementor-widget elementor-widget-heading\" data-id=\"c617bb2\" data-element_type=\"widget\" data-e-type=\"widget\" data-widget_type=\"heading.default\">\n\t\t\t\t<div class=\"elementor-widget-container\">\n\t\t\t\t\t<h2 class=\"elementor-heading-title elementor-size-default\">Mec\u00e1nica de Materiales - Beer &amp; Jhonston 6 Ed.<\/h2>\t\t\t\t<\/div>\n\t\t\t\t<\/div>\n\t\t\t\t\t<\/div>\n\t\t<\/div>\n\t\t\t\t\t<\/div>\n\t\t<\/section>\n\t\t\t\t<section class=\"elementor-section elementor-inner-section elementor-element elementor-element-9515c40 elementor-section-boxed elementor-section-height-default elementor-section-height-default\" data-id=\"9515c40\" data-element_type=\"section\" data-e-type=\"section\">\n\t\t\t\t\t\t<div class=\"elementor-container elementor-column-gap-default\">\n\t\t\t\t\t<div class=\"elementor-column elementor-col-33 elementor-inner-column elementor-element elementor-element-82dde06\" data-id=\"82dde06\" data-element_type=\"column\" data-e-type=\"column\">\n\t\t\t<div class=\"elementor-widget-wrap elementor-element-populated\">\n\t\t\t\t\t\t<section class=\"elementor-section elementor-inner-section elementor-element elementor-element-3e7e9e9 elementor-section-boxed elementor-section-height-default elementor-section-height-default\" data-id=\"3e7e9e9\" data-element_type=\"section\" data-e-type=\"section\">\n\t\t\t\t\t\t<div class=\"elementor-container elementor-column-gap-default\">\n\t\t\t\t\t<div class=\"elementor-column elementor-col-100 elementor-inner-column elementor-element elementor-element-3aaad50\" data-id=\"3aaad50\" data-element_type=\"column\" data-e-type=\"column\">\n\t\t\t<div class=\"elementor-widget-wrap elementor-element-populated\">\n\t\t\t\t\t\t<div class=\"elementor-element elementor-element-6b6ab0d elementor-widget elementor-widget-image\" data-id=\"6b6ab0d\" data-element_type=\"widget\" data-e-type=\"widget\" data-widget_type=\"image.default\">\n\t\t\t\t<div class=\"elementor-widget-container\">\n\t\t\t\t\t\t\t\t\t\t\t\t\t\t\t\t<a href=\"https:\/\/clasesdemecanica.net\/index.php\/resistencia-bj-6ed-cap-i-concepto-de-esfuerzo\/\">\n\t\t\t\t\t\t\t<img fetchpriority=\"high\" decoding=\"async\" width=\"933\" height=\"596\" src=\"https:\/\/clasesdemecanica.net\/wp-content\/uploads\/2022\/10\/CAP-I-Concepto-de-esfuerzo.jpg\" class=\"attachment-full size-full wp-image-5320\" alt=\"\" srcset=\"https:\/\/clasesdemecanica.net\/wp-content\/uploads\/2022\/10\/CAP-I-Concepto-de-esfuerzo.jpg 933w, https:\/\/clasesdemecanica.net\/wp-content\/uploads\/2022\/10\/CAP-I-Concepto-de-esfuerzo-300x192.jpg 300w, https:\/\/clasesdemecanica.net\/wp-content\/uploads\/2022\/10\/CAP-I-Concepto-de-esfuerzo-768x491.jpg 768w\" sizes=\"(max-width: 933px) 100vw, 933px\" \/>\t\t\t\t\t\t\t\t<\/a>\n\t\t\t\t\t\t\t\t\t\t\t\t\t\t\t<\/div>\n\t\t\t\t<\/div>\n\t\t\t\t<div class=\"elementor-element elementor-element-b8655dd elementor-widget elementor-widget-text-editor\" data-id=\"b8655dd\" data-element_type=\"widget\" data-e-type=\"widget\" data-widget_type=\"text-editor.default\">\n\t\t\t\t<div class=\"elementor-widget-container\">\n\t\t\t\t\t\t\t\t\t<p style=\"text-align: center;\"><a href=\"https:\/\/clasesdemecanica.net\/index.php\/resistencia-bj-6ed-cap-i-concepto-de-esfuerzo\/\"><strong>Cap\u00edtulo I: <\/strong>\u00abIntroducci\u00f3n: El concepto de esfuerzo\u00bb<\/a><\/p>\t\t\t\t\t\t\t\t<\/div>\n\t\t\t\t<\/div>\n\t\t\t\t\t<\/div>\n\t\t<\/div>\n\t\t\t\t\t<\/div>\n\t\t<\/section>\n\t\t\t\t<section class=\"elementor-section elementor-inner-section elementor-element elementor-element-0fbeefb elementor-section-boxed elementor-section-height-default elementor-section-height-default\" data-id=\"0fbeefb\" data-element_type=\"section\" data-e-type=\"section\">\n\t\t\t\t\t\t<div class=\"elementor-container elementor-column-gap-default\">\n\t\t\t\t\t<div class=\"elementor-column elementor-col-100 elementor-inner-column elementor-element elementor-element-fb0eee9\" data-id=\"fb0eee9\" data-element_type=\"column\" data-e-type=\"column\">\n\t\t\t<div class=\"elementor-widget-wrap elementor-element-populated\">\n\t\t\t\t\t\t<div class=\"elementor-element elementor-element-78625b1 elementor-widget elementor-widget-image\" data-id=\"78625b1\" data-element_type=\"widget\" data-e-type=\"widget\" data-widget_type=\"image.default\">\n\t\t\t\t<div class=\"elementor-widget-container\">\n\t\t\t\t\t\t\t\t\t\t\t\t\t\t\t\t<a href=\"https:\/\/clasesdemecanica.net\/index.php\/resistencia-bj-6ed-cap-ii-esfuerzo-y-deformacion-carga-axial-2\/\">\n\t\t\t\t\t\t\t<img decoding=\"async\" width=\"934\" height=\"583\" src=\"https:\/\/clasesdemecanica.net\/wp-content\/uploads\/2022\/10\/CAP-II-Esfuerzo-y-deformacion.-Carga-axial.jpg\" class=\"attachment-full size-full wp-image-5321\" alt=\"\" srcset=\"https:\/\/clasesdemecanica.net\/wp-content\/uploads\/2022\/10\/CAP-II-Esfuerzo-y-deformacion.-Carga-axial.jpg 934w, https:\/\/clasesdemecanica.net\/wp-content\/uploads\/2022\/10\/CAP-II-Esfuerzo-y-deformacion.-Carga-axial-300x187.jpg 300w, https:\/\/clasesdemecanica.net\/wp-content\/uploads\/2022\/10\/CAP-II-Esfuerzo-y-deformacion.-Carga-axial-768x479.jpg 768w\" sizes=\"(max-width: 934px) 100vw, 934px\" \/>\t\t\t\t\t\t\t\t<\/a>\n\t\t\t\t\t\t\t\t\t\t\t\t\t\t\t<\/div>\n\t\t\t\t<\/div>\n\t\t\t\t<div class=\"elementor-element elementor-element-8a5cd21 elementor-widget elementor-widget-text-editor\" data-id=\"8a5cd21\" data-element_type=\"widget\" data-e-type=\"widget\" data-widget_type=\"text-editor.default\">\n\t\t\t\t<div class=\"elementor-widget-container\">\n\t\t\t\t\t\t\t\t\t<p style=\"text-align: center;\"><a href=\"https:\/\/clasesdemecanica.net\/index.php\/resistencia-bj-6ed-cap-ii-esfuerzo-y-deformacion-carga-axial-2\/\"><strong>Cap\u00edtulo II: <\/strong>\u00abEsfuerzo y deformaci\u00f3n. Carga axial\u00bb<\/a><\/p>\t\t\t\t\t\t\t\t<\/div>\n\t\t\t\t<\/div>\n\t\t\t\t\t<\/div>\n\t\t<\/div>\n\t\t\t\t\t<\/div>\n\t\t<\/section>\n\t\t\t\t<section class=\"elementor-section elementor-inner-section elementor-element elementor-element-3fa6219 elementor-section-boxed elementor-section-height-default elementor-section-height-default\" data-id=\"3fa6219\" data-element_type=\"section\" data-e-type=\"section\">\n\t\t\t\t\t\t<div class=\"elementor-container elementor-column-gap-default\">\n\t\t\t\t\t<div class=\"elementor-column elementor-col-100 elementor-inner-column elementor-element elementor-element-a7af842\" data-id=\"a7af842\" data-element_type=\"column\" data-e-type=\"column\">\n\t\t\t<div class=\"elementor-widget-wrap elementor-element-populated\">\n\t\t\t\t\t\t<div class=\"elementor-element elementor-element-3ab5014 elementor-widget elementor-widget-image\" data-id=\"3ab5014\" data-element_type=\"widget\" data-e-type=\"widget\" data-widget_type=\"image.default\">\n\t\t\t\t<div class=\"elementor-widget-container\">\n\t\t\t\t\t\t\t\t\t\t\t\t\t\t\t\t<a href=\"https:\/\/clasesdemecanica.net\/index.php\/resistencia-bj-6ed-cap-iii-torsion\/\">\n\t\t\t\t\t\t\t<img decoding=\"async\" width=\"934\" height=\"593\" src=\"https:\/\/clasesdemecanica.net\/wp-content\/uploads\/2022\/10\/CAP-III-Torsion.jpg\" class=\"attachment-full size-full wp-image-5322\" alt=\"\" srcset=\"https:\/\/clasesdemecanica.net\/wp-content\/uploads\/2022\/10\/CAP-III-Torsion.jpg 934w, https:\/\/clasesdemecanica.net\/wp-content\/uploads\/2022\/10\/CAP-III-Torsion-300x190.jpg 300w, https:\/\/clasesdemecanica.net\/wp-content\/uploads\/2022\/10\/CAP-III-Torsion-768x488.jpg 768w\" sizes=\"(max-width: 934px) 100vw, 934px\" \/>\t\t\t\t\t\t\t\t<\/a>\n\t\t\t\t\t\t\t\t\t\t\t\t\t\t\t<\/div>\n\t\t\t\t<\/div>\n\t\t\t\t<div class=\"elementor-element elementor-element-ff7a56c elementor-widget elementor-widget-text-editor\" data-id=\"ff7a56c\" data-element_type=\"widget\" data-e-type=\"widget\" data-widget_type=\"text-editor.default\">\n\t\t\t\t<div class=\"elementor-widget-container\">\n\t\t\t\t\t\t\t\t\t<p style=\"text-align: center;\"><a href=\"https:\/\/clasesdemecanica.net\/index.php\/resistencia-bj-6ed-cap-iii-torsion\/\"><strong>Cap\u00edtulo III: <\/strong>\u00abTorsi\u00f3n\u00bb<\/a><\/p>\t\t\t\t\t\t\t\t<\/div>\n\t\t\t\t<\/div>\n\t\t\t\t\t<\/div>\n\t\t<\/div>\n\t\t\t\t\t<\/div>\n\t\t<\/section>\n\t\t\t\t\t<\/div>\n\t\t<\/div>\n\t\t\t\t<div class=\"elementor-column elementor-col-33 elementor-inner-column elementor-element elementor-element-c2749c0\" data-id=\"c2749c0\" data-element_type=\"column\" data-e-type=\"column\">\n\t\t\t<div class=\"elementor-widget-wrap elementor-element-populated\">\n\t\t\t\t\t\t<section class=\"elementor-section elementor-inner-section elementor-element elementor-element-73dfec9 elementor-section-boxed elementor-section-height-default elementor-section-height-default\" data-id=\"73dfec9\" data-element_type=\"section\" data-e-type=\"section\">\n\t\t\t\t\t\t<div class=\"elementor-container elementor-column-gap-default\">\n\t\t\t\t\t<div class=\"elementor-column elementor-col-100 elementor-inner-column elementor-element elementor-element-f8c0929\" data-id=\"f8c0929\" data-element_type=\"column\" data-e-type=\"column\">\n\t\t\t<div class=\"elementor-widget-wrap elementor-element-populated\">\n\t\t\t\t\t\t<div class=\"elementor-element elementor-element-b200847 elementor-widget elementor-widget-image\" data-id=\"b200847\" data-element_type=\"widget\" data-e-type=\"widget\" data-widget_type=\"image.default\">\n\t\t\t\t<div class=\"elementor-widget-container\">\n\t\t\t\t\t\t\t\t\t\t\t\t\t\t\t\t<a href=\"https:\/\/clasesdemecanica.net\/index.php\/resistencia-bj-6ed-cap-iv-flexion-pura\/\">\n\t\t\t\t\t\t\t<img loading=\"lazy\" decoding=\"async\" width=\"933\" height=\"588\" src=\"https:\/\/clasesdemecanica.net\/wp-content\/uploads\/2022\/10\/CAP-IV-Flexion-pura.jpg\" class=\"attachment-full size-full wp-image-5323\" alt=\"\" srcset=\"https:\/\/clasesdemecanica.net\/wp-content\/uploads\/2022\/10\/CAP-IV-Flexion-pura.jpg 933w, https:\/\/clasesdemecanica.net\/wp-content\/uploads\/2022\/10\/CAP-IV-Flexion-pura-300x189.jpg 300w, https:\/\/clasesdemecanica.net\/wp-content\/uploads\/2022\/10\/CAP-IV-Flexion-pura-768x484.jpg 768w\" sizes=\"(max-width: 933px) 100vw, 933px\" \/>\t\t\t\t\t\t\t\t<\/a>\n\t\t\t\t\t\t\t\t\t\t\t\t\t\t\t<\/div>\n\t\t\t\t<\/div>\n\t\t\t\t<div class=\"elementor-element elementor-element-d7278d3 elementor-widget elementor-widget-text-editor\" data-id=\"d7278d3\" data-element_type=\"widget\" data-e-type=\"widget\" data-widget_type=\"text-editor.default\">\n\t\t\t\t<div class=\"elementor-widget-container\">\n\t\t\t\t\t\t\t\t\t<p style=\"text-align: center;\"><a href=\"https:\/\/clasesdemecanica.net\/index.php\/resistencia-bj-6ed-cap-iv-flexion-pura\/\"><strong>Cap\u00edtulo IV: <\/strong>\u00abFlexi\u00f3n Pura\u00bb<\/a><\/p>\t\t\t\t\t\t\t\t<\/div>\n\t\t\t\t<\/div>\n\t\t\t\t\t<\/div>\n\t\t<\/div>\n\t\t\t\t\t<\/div>\n\t\t<\/section>\n\t\t\t\t<section class=\"elementor-section elementor-inner-section elementor-element elementor-element-1867b0f elementor-section-boxed elementor-section-height-default elementor-section-height-default\" data-id=\"1867b0f\" data-element_type=\"section\" data-e-type=\"section\">\n\t\t\t\t\t\t<div class=\"elementor-container elementor-column-gap-default\">\n\t\t\t\t\t<div class=\"elementor-column elementor-col-100 elementor-inner-column elementor-element elementor-element-dd4e402\" data-id=\"dd4e402\" data-element_type=\"column\" data-e-type=\"column\">\n\t\t\t<div class=\"elementor-widget-wrap elementor-element-populated\">\n\t\t\t\t\t\t<div class=\"elementor-element elementor-element-f23bd46 elementor-widget elementor-widget-image\" data-id=\"f23bd46\" data-element_type=\"widget\" data-e-type=\"widget\" data-widget_type=\"image.default\">\n\t\t\t\t<div class=\"elementor-widget-container\">\n\t\t\t\t\t\t\t\t\t\t\t\t\t\t\t\t<a href=\"https:\/\/clasesdemecanica.net\/index.php\/resistencia-bj-6ed-cap-v-analisis-y-diseno-de-vigas-para-flexion\/\">\n\t\t\t\t\t\t\t<img loading=\"lazy\" decoding=\"async\" width=\"933\" height=\"589\" src=\"https:\/\/clasesdemecanica.net\/wp-content\/uploads\/2022\/10\/CAP-V-Analisis-y-diseno-de-vigas-para-flexion.jpg\" class=\"attachment-full size-full wp-image-5325\" alt=\"\" srcset=\"https:\/\/clasesdemecanica.net\/wp-content\/uploads\/2022\/10\/CAP-V-Analisis-y-diseno-de-vigas-para-flexion.jpg 933w, https:\/\/clasesdemecanica.net\/wp-content\/uploads\/2022\/10\/CAP-V-Analisis-y-diseno-de-vigas-para-flexion-300x189.jpg 300w, https:\/\/clasesdemecanica.net\/wp-content\/uploads\/2022\/10\/CAP-V-Analisis-y-diseno-de-vigas-para-flexion-768x485.jpg 768w\" sizes=\"(max-width: 933px) 100vw, 933px\" \/>\t\t\t\t\t\t\t\t<\/a>\n\t\t\t\t\t\t\t\t\t\t\t\t\t\t\t<\/div>\n\t\t\t\t<\/div>\n\t\t\t\t<div class=\"elementor-element elementor-element-297b960 elementor-widget elementor-widget-text-editor\" data-id=\"297b960\" data-element_type=\"widget\" data-e-type=\"widget\" data-widget_type=\"text-editor.default\">\n\t\t\t\t<div class=\"elementor-widget-container\">\n\t\t\t\t\t\t\t\t\t<p style=\"text-align: center;\"><a href=\"https:\/\/clasesdemecanica.net\/index.php\/resistencia-bj-6ed-cap-v-analisis-y-diseno-de-vigas-para-flexion\/\"><strong>Cap\u00edtulo V: <\/strong>\u00abAn\u00e1lisis y dise\u00f1o de vigas para flexi\u00f3n\u00bb<\/a><\/p>\t\t\t\t\t\t\t\t<\/div>\n\t\t\t\t<\/div>\n\t\t\t\t\t<\/div>\n\t\t<\/div>\n\t\t\t\t\t<\/div>\n\t\t<\/section>\n\t\t\t\t<section class=\"elementor-section elementor-inner-section elementor-element elementor-element-b829bcc elementor-section-boxed elementor-section-height-default elementor-section-height-default\" data-id=\"b829bcc\" data-element_type=\"section\" data-e-type=\"section\">\n\t\t\t\t\t\t<div class=\"elementor-container elementor-column-gap-default\">\n\t\t\t\t\t<div class=\"elementor-column elementor-col-100 elementor-inner-column elementor-element elementor-element-a229406\" data-id=\"a229406\" data-element_type=\"column\" data-e-type=\"column\">\n\t\t\t<div class=\"elementor-widget-wrap elementor-element-populated\">\n\t\t\t\t\t\t<div class=\"elementor-element elementor-element-502aca9 elementor-widget elementor-widget-image\" data-id=\"502aca9\" data-element_type=\"widget\" data-e-type=\"widget\" data-widget_type=\"image.default\">\n\t\t\t\t<div class=\"elementor-widget-container\">\n\t\t\t\t\t\t\t\t\t\t\t\t\t\t\t\t<a href=\"https:\/\/clasesdemecanica.net\/index.php\/resistencia-bj-6ed-cap-vi-esfuerzos-cortantes-en-vigas-y-elementos-de-pared-delgada\/\">\n\t\t\t\t\t\t\t<img loading=\"lazy\" decoding=\"async\" width=\"934\" height=\"598\" src=\"https:\/\/clasesdemecanica.net\/wp-content\/uploads\/2022\/10\/CAP-VI-Esfuerzos-cortantes-en-vigas-y-elementos-de-pared-delgada.jpg\" class=\"attachment-full size-full wp-image-5326\" alt=\"\" srcset=\"https:\/\/clasesdemecanica.net\/wp-content\/uploads\/2022\/10\/CAP-VI-Esfuerzos-cortantes-en-vigas-y-elementos-de-pared-delgada.jpg 934w, https:\/\/clasesdemecanica.net\/wp-content\/uploads\/2022\/10\/CAP-VI-Esfuerzos-cortantes-en-vigas-y-elementos-de-pared-delgada-300x192.jpg 300w, https:\/\/clasesdemecanica.net\/wp-content\/uploads\/2022\/10\/CAP-VI-Esfuerzos-cortantes-en-vigas-y-elementos-de-pared-delgada-768x492.jpg 768w\" sizes=\"(max-width: 934px) 100vw, 934px\" \/>\t\t\t\t\t\t\t\t<\/a>\n\t\t\t\t\t\t\t\t\t\t\t\t\t\t\t<\/div>\n\t\t\t\t<\/div>\n\t\t\t\t<div class=\"elementor-element elementor-element-d9008a5 elementor-widget elementor-widget-text-editor\" data-id=\"d9008a5\" data-element_type=\"widget\" data-e-type=\"widget\" data-widget_type=\"text-editor.default\">\n\t\t\t\t<div class=\"elementor-widget-container\">\n\t\t\t\t\t\t\t\t\t<p style=\"text-align: center;\"><a href=\"https:\/\/clasesdemecanica.net\/index.php\/resistencia-bj-6ed-cap-vi-esfuerzos-cortantes-en-vigas-y-elementos-de-pared-delgada\/\"><strong>Cap\u00edtulo VI: <\/strong>\u00abEsfuerzos cortantes en vigas y elementos de pared delgada\u00bb<\/a><\/p>\t\t\t\t\t\t\t\t<\/div>\n\t\t\t\t<\/div>\n\t\t\t\t\t<\/div>\n\t\t<\/div>\n\t\t\t\t\t<\/div>\n\t\t<\/section>\n\t\t\t\t\t<\/div>\n\t\t<\/div>\n\t\t\t\t<div class=\"elementor-column elementor-col-33 elementor-inner-column elementor-element elementor-element-683acfc\" data-id=\"683acfc\" data-element_type=\"column\" data-e-type=\"column\">\n\t\t\t<div class=\"elementor-widget-wrap elementor-element-populated\">\n\t\t\t\t\t\t<section class=\"elementor-section elementor-inner-section elementor-element elementor-element-a953323 elementor-section-boxed elementor-section-height-default elementor-section-height-default\" data-id=\"a953323\" data-element_type=\"section\" data-e-type=\"section\">\n\t\t\t\t\t\t<div class=\"elementor-container elementor-column-gap-default\">\n\t\t\t\t\t<div class=\"elementor-column elementor-col-100 elementor-inner-column elementor-element elementor-element-990404b\" data-id=\"990404b\" data-element_type=\"column\" data-e-type=\"column\">\n\t\t\t<div class=\"elementor-widget-wrap elementor-element-populated\">\n\t\t\t\t\t\t<div class=\"elementor-element elementor-element-f9f3bb9 elementor-widget elementor-widget-image\" data-id=\"f9f3bb9\" data-element_type=\"widget\" data-e-type=\"widget\" data-widget_type=\"image.default\">\n\t\t\t\t<div class=\"elementor-widget-container\">\n\t\t\t\t\t\t\t\t\t\t\t\t\t\t\t\t<a href=\"https:\/\/clasesdemecanica.net\/index.php\/resistencia-bj-6ed-cap-vii-transformaciones-de-esfuerzos-y-deformaciones\/\">\n\t\t\t\t\t\t\t<img loading=\"lazy\" decoding=\"async\" width=\"934\" height=\"594\" src=\"https:\/\/clasesdemecanica.net\/wp-content\/uploads\/2022\/10\/CAP-VII-Transformaciones-de-esfuerzos-y-deformaciones.jpg\" class=\"attachment-full size-full wp-image-5327\" alt=\"\" srcset=\"https:\/\/clasesdemecanica.net\/wp-content\/uploads\/2022\/10\/CAP-VII-Transformaciones-de-esfuerzos-y-deformaciones.jpg 934w, https:\/\/clasesdemecanica.net\/wp-content\/uploads\/2022\/10\/CAP-VII-Transformaciones-de-esfuerzos-y-deformaciones-300x191.jpg 300w, https:\/\/clasesdemecanica.net\/wp-content\/uploads\/2022\/10\/CAP-VII-Transformaciones-de-esfuerzos-y-deformaciones-768x488.jpg 768w\" sizes=\"(max-width: 934px) 100vw, 934px\" \/>\t\t\t\t\t\t\t\t<\/a>\n\t\t\t\t\t\t\t\t\t\t\t\t\t\t\t<\/div>\n\t\t\t\t<\/div>\n\t\t\t\t<div class=\"elementor-element elementor-element-ceed6d5 elementor-widget elementor-widget-text-editor\" data-id=\"ceed6d5\" data-element_type=\"widget\" data-e-type=\"widget\" data-widget_type=\"text-editor.default\">\n\t\t\t\t<div class=\"elementor-widget-container\">\n\t\t\t\t\t\t\t\t\t<p style=\"text-align: center;\"><a href=\"https:\/\/clasesdemecanica.net\/index.php\/resistencia-bj-6ed-cap-vii-transformaciones-de-esfuerzos-y-deformaciones\/\"><strong>Cap\u00edtulo VII: <\/strong>\u00abTransformaciones de esfuerzos y deformaciones\u00bb<\/a><\/p>\t\t\t\t\t\t\t\t<\/div>\n\t\t\t\t<\/div>\n\t\t\t\t\t<\/div>\n\t\t<\/div>\n\t\t\t\t\t<\/div>\n\t\t<\/section>\n\t\t\t\t<section class=\"elementor-section elementor-inner-section elementor-element elementor-element-bd69cb1 elementor-section-boxed elementor-section-height-default elementor-section-height-default\" data-id=\"bd69cb1\" data-element_type=\"section\" data-e-type=\"section\">\n\t\t\t\t\t\t<div class=\"elementor-container elementor-column-gap-default\">\n\t\t\t\t\t<div class=\"elementor-column elementor-col-100 elementor-inner-column elementor-element elementor-element-8749abe\" data-id=\"8749abe\" data-element_type=\"column\" data-e-type=\"column\">\n\t\t\t<div class=\"elementor-widget-wrap elementor-element-populated\">\n\t\t\t\t\t\t<div class=\"elementor-element elementor-element-e46509b elementor-widget elementor-widget-image\" data-id=\"e46509b\" data-element_type=\"widget\" data-e-type=\"widget\" data-widget_type=\"image.default\">\n\t\t\t\t<div class=\"elementor-widget-container\">\n\t\t\t\t\t\t\t\t\t\t\t\t\t\t\t\t<a href=\"https:\/\/clasesdemecanica.net\/index.php\/resistencia-bj-6ed-cap-viii-esfuerzos-principales-bajo-una-carga-dada\/\">\n\t\t\t\t\t\t\t<img loading=\"lazy\" decoding=\"async\" width=\"934\" height=\"601\" src=\"https:\/\/clasesdemecanica.net\/wp-content\/uploads\/2022\/10\/CAP-VIII-Esfuerzos-principales-bajo-una-carga-dada.jpg\" class=\"attachment-full size-full wp-image-5328\" alt=\"\" srcset=\"https:\/\/clasesdemecanica.net\/wp-content\/uploads\/2022\/10\/CAP-VIII-Esfuerzos-principales-bajo-una-carga-dada.jpg 934w, https:\/\/clasesdemecanica.net\/wp-content\/uploads\/2022\/10\/CAP-VIII-Esfuerzos-principales-bajo-una-carga-dada-300x193.jpg 300w, https:\/\/clasesdemecanica.net\/wp-content\/uploads\/2022\/10\/CAP-VIII-Esfuerzos-principales-bajo-una-carga-dada-768x494.jpg 768w\" sizes=\"(max-width: 934px) 100vw, 934px\" \/>\t\t\t\t\t\t\t\t<\/a>\n\t\t\t\t\t\t\t\t\t\t\t\t\t\t\t<\/div>\n\t\t\t\t<\/div>\n\t\t\t\t<div class=\"elementor-element elementor-element-53e0cc6 elementor-widget elementor-widget-text-editor\" data-id=\"53e0cc6\" data-element_type=\"widget\" data-e-type=\"widget\" data-widget_type=\"text-editor.default\">\n\t\t\t\t<div class=\"elementor-widget-container\">\n\t\t\t\t\t\t\t\t\t<p style=\"text-align: center;\"><a href=\"https:\/\/clasesdemecanica.net\/index.php\/resistencia-bj-6ed-cap-viii-esfuerzos-principales-bajo-una-carga-dada\/\"><strong>Cap\u00edtulo VIII: <\/strong>\u00abEsfuerzos principales bajo una carga dada\u00bb<\/a><\/p>\t\t\t\t\t\t\t\t<\/div>\n\t\t\t\t<\/div>\n\t\t\t\t\t<\/div>\n\t\t<\/div>\n\t\t\t\t\t<\/div>\n\t\t<\/section>\n\t\t\t\t\t<\/div>\n\t\t<\/div>\n\t\t\t\t\t<\/div>\n\t\t<\/section>\n\t\t\t\t\t<\/div>\n\t\t<\/div>\n\t\t\t\t\t<\/div>\n\t\t<\/section>\n\t\t\t\t<\/div>\n\t\t","protected":false},"excerpt":{"rendered":"<p>Mec\u00e1nica de Materiales &#8211; Beer &amp; Jhonston 6 Ed. Cap\u00edtulo I: \u00abIntroducci\u00f3n: El concepto de esfuerzo\u00bb Cap\u00edtulo II: \u00abEsfuerzo y deformaci\u00f3n. Carga axial\u00bb Cap\u00edtulo III: \u00abTorsi\u00f3n\u00bb Cap\u00edtulo IV: \u00abFlexi\u00f3n Pura\u00bb Cap\u00edtulo V: \u00abAn\u00e1lisis y dise\u00f1o de vigas para flexi\u00f3n\u00bb Cap\u00edtulo VI: \u00abEsfuerzos cortantes en vigas y elementos de pared delgada\u00bb Cap\u00edtulo VII: \u00abTransformaciones de esfuerzos [&hellip;]<\/p>\n","protected":false},"author":1,"featured_media":0,"parent":0,"menu_order":0,"comment_status":"closed","ping_status":"closed","template":"","meta":{"footnotes":""},"class_list":["post-8573","page","type-page","status-publish","hentry"],"_links":{"self":[{"href":"https:\/\/clasesdemecanica.net\/index.php\/wp-json\/wp\/v2\/pages\/8573","targetHints":{"allow":["GET"]}}],"collection":[{"href":"https:\/\/clasesdemecanica.net\/index.php\/wp-json\/wp\/v2\/pages"}],"about":[{"href":"https:\/\/clasesdemecanica.net\/index.php\/wp-json\/wp\/v2\/types\/page"}],"author":[{"embeddable":true,"href":"https:\/\/clasesdemecanica.net\/index.php\/wp-json\/wp\/v2\/users\/1"}],"replies":[{"embeddable":true,"href":"https:\/\/clasesdemecanica.net\/index.php\/wp-json\/wp\/v2\/comments?post=8573"}],"version-history":[{"count":7,"href":"https:\/\/clasesdemecanica.net\/index.php\/wp-json\/wp\/v2\/pages\/8573\/revisions"}],"predecessor-version":[{"id":8580,"href":"https:\/\/clasesdemecanica.net\/index.php\/wp-json\/wp\/v2\/pages\/8573\/revisions\/8580"}],"wp:attachment":[{"href":"https:\/\/clasesdemecanica.net\/index.php\/wp-json\/wp\/v2\/media?parent=8573"}],"curies":[{"name":"wp","href":"https:\/\/api.w.org\/{rel}","templated":true}]}}