{"id":8581,"date":"2024-11-26T02:20:54","date_gmt":"2024-11-26T02:20:54","guid":{"rendered":"https:\/\/clasesdemecanica.net\/?page_id=8581"},"modified":"2024-11-26T02:21:24","modified_gmt":"2024-11-26T02:21:24","slug":"mecanica-de-materiales-beer-jhonston-7-ed","status":"publish","type":"page","link":"https:\/\/clasesdemecanica.net\/index.php\/mecanica-de-materiales-beer-jhonston-7-ed\/","title":{"rendered":"Mec\u00e1nica de Materiales &#8211; Beer &amp; Jhonston 7 Ed."},"content":{"rendered":"\t\t<div data-elementor-type=\"wp-page\" data-elementor-id=\"8581\" class=\"elementor elementor-8581\" data-elementor-post-type=\"page\">\n\t\t\t\t\t\t<section class=\"elementor-section elementor-top-section elementor-element elementor-element-bf3536a elementor-section-boxed elementor-section-height-default elementor-section-height-default\" data-id=\"bf3536a\" data-element_type=\"section\" data-e-type=\"section\">\n\t\t\t\t\t\t<div class=\"elementor-container elementor-column-gap-default\">\n\t\t\t\t\t<div class=\"elementor-column elementor-col-100 elementor-top-column elementor-element elementor-element-21f7ef7\" data-id=\"21f7ef7\" data-element_type=\"column\" data-e-type=\"column\">\n\t\t\t<div class=\"elementor-widget-wrap elementor-element-populated\">\n\t\t\t\t\t\t<section class=\"elementor-section elementor-inner-section elementor-element elementor-element-dad3c44 elementor-section-boxed elementor-section-height-default elementor-section-height-default\" data-id=\"dad3c44\" data-element_type=\"section\" data-e-type=\"section\">\n\t\t\t\t\t\t<div class=\"elementor-container elementor-column-gap-default\">\n\t\t\t\t\t<div class=\"elementor-column elementor-col-100 elementor-inner-column elementor-element elementor-element-dd48ff1\" data-id=\"dd48ff1\" data-element_type=\"column\" data-e-type=\"column\">\n\t\t\t<div class=\"elementor-widget-wrap elementor-element-populated\">\n\t\t\t\t\t\t<div class=\"elementor-element elementor-element-a9e3515 elementor-widget elementor-widget-heading\" data-id=\"a9e3515\" data-element_type=\"widget\" data-e-type=\"widget\" data-widget_type=\"heading.default\">\n\t\t\t\t<div class=\"elementor-widget-container\">\n\t\t\t\t\t<h2 class=\"elementor-heading-title elementor-size-default\">Mec\u00e1nica de Materiales - Beer &amp; Jhonston 7 Ed.<\/h2>\t\t\t\t<\/div>\n\t\t\t\t<\/div>\n\t\t\t\t\t<\/div>\n\t\t<\/div>\n\t\t\t\t\t<\/div>\n\t\t<\/section>\n\t\t\t\t<section class=\"elementor-section elementor-inner-section elementor-element elementor-element-f6ff9f0 elementor-section-boxed elementor-section-height-default elementor-section-height-default\" data-id=\"f6ff9f0\" data-element_type=\"section\" data-e-type=\"section\">\n\t\t\t\t\t\t<div class=\"elementor-container elementor-column-gap-default\">\n\t\t\t\t\t<div class=\"elementor-column elementor-col-33 elementor-inner-column elementor-element elementor-element-708f4ec\" data-id=\"708f4ec\" data-element_type=\"column\" data-e-type=\"column\">\n\t\t\t<div class=\"elementor-widget-wrap elementor-element-populated\">\n\t\t\t\t\t\t<section class=\"elementor-section elementor-inner-section elementor-element elementor-element-053eedf elementor-section-boxed elementor-section-height-default elementor-section-height-default\" data-id=\"053eedf\" data-element_type=\"section\" data-e-type=\"section\">\n\t\t\t\t\t\t<div class=\"elementor-container elementor-column-gap-default\">\n\t\t\t\t\t<div class=\"elementor-column elementor-col-100 elementor-inner-column elementor-element elementor-element-c727d56\" data-id=\"c727d56\" data-element_type=\"column\" data-e-type=\"column\">\n\t\t\t<div class=\"elementor-widget-wrap elementor-element-populated\">\n\t\t\t\t\t\t<div class=\"elementor-element elementor-element-8ce5e29 elementor-widget elementor-widget-image\" data-id=\"8ce5e29\" data-element_type=\"widget\" data-e-type=\"widget\" data-widget_type=\"image.default\">\n\t\t\t\t<div class=\"elementor-widget-container\">\n\t\t\t\t\t\t\t\t\t\t\t\t\t\t\t\t<a href=\"https:\/\/clasesdemecanica.net\/index.php\/resistencia-bj-7ed-cap-i-concepto-de-esfuerzo\/\">\n\t\t\t\t\t\t\t<img fetchpriority=\"high\" decoding=\"async\" width=\"661\" height=\"414\" src=\"https:\/\/clasesdemecanica.net\/wp-content\/uploads\/2022\/05\/Cap-I-RB7.png\" class=\"attachment-full size-full wp-image-4102\" alt=\"\" srcset=\"https:\/\/clasesdemecanica.net\/wp-content\/uploads\/2022\/05\/Cap-I-RB7.png 661w, https:\/\/clasesdemecanica.net\/wp-content\/uploads\/2022\/05\/Cap-I-RB7-300x188.png 300w\" sizes=\"(max-width: 661px) 100vw, 661px\" \/>\t\t\t\t\t\t\t\t<\/a>\n\t\t\t\t\t\t\t\t\t\t\t\t\t\t\t<\/div>\n\t\t\t\t<\/div>\n\t\t\t\t<div class=\"elementor-element elementor-element-fcae576 elementor-widget elementor-widget-text-editor\" data-id=\"fcae576\" data-element_type=\"widget\" data-e-type=\"widget\" data-widget_type=\"text-editor.default\">\n\t\t\t\t<div class=\"elementor-widget-container\">\n\t\t\t\t\t\t\t\t\t<p style=\"text-align: center;\"><a href=\"https:\/\/clasesdemecanica.net\/index.php\/resistencia-bj-7ed-cap-i-concepto-de-esfuerzo\/\"><strong>Cap\u00edtulo I: <\/strong>\u00abIntroducci\u00f3n: concepto de esfuerzo\u00bb<\/a><\/p>\t\t\t\t\t\t\t\t<\/div>\n\t\t\t\t<\/div>\n\t\t\t\t\t<\/div>\n\t\t<\/div>\n\t\t\t\t\t<\/div>\n\t\t<\/section>\n\t\t\t\t<section class=\"elementor-section elementor-inner-section elementor-element elementor-element-fbb6c31 elementor-section-boxed elementor-section-height-default elementor-section-height-default\" data-id=\"fbb6c31\" data-element_type=\"section\" data-e-type=\"section\">\n\t\t\t\t\t\t<div class=\"elementor-container elementor-column-gap-default\">\n\t\t\t\t\t<div class=\"elementor-column elementor-col-100 elementor-inner-column elementor-element elementor-element-7628f6e\" data-id=\"7628f6e\" data-element_type=\"column\" data-e-type=\"column\">\n\t\t\t<div class=\"elementor-widget-wrap elementor-element-populated\">\n\t\t\t\t\t\t<div class=\"elementor-element elementor-element-7efbcbe elementor-widget elementor-widget-image\" data-id=\"7efbcbe\" data-element_type=\"widget\" data-e-type=\"widget\" data-widget_type=\"image.default\">\n\t\t\t\t<div class=\"elementor-widget-container\">\n\t\t\t\t\t\t\t\t\t\t\t\t\t\t\t\t<a href=\"https:\/\/clasesdemecanica.net\/index.php\/resistencia-bj-7ed-cap-ii-esfuerzo-y-deformacion-carga-axial\/\">\n\t\t\t\t\t\t\t<img decoding=\"async\" width=\"905\" height=\"573\" src=\"https:\/\/clasesdemecanica.net\/wp-content\/uploads\/2022\/05\/Cap-II-RB7.png\" class=\"attachment-full size-full wp-image-4190\" alt=\"\" srcset=\"https:\/\/clasesdemecanica.net\/wp-content\/uploads\/2022\/05\/Cap-II-RB7.png 905w, https:\/\/clasesdemecanica.net\/wp-content\/uploads\/2022\/05\/Cap-II-RB7-300x190.png 300w, https:\/\/clasesdemecanica.net\/wp-content\/uploads\/2022\/05\/Cap-II-RB7-768x486.png 768w\" sizes=\"(max-width: 905px) 100vw, 905px\" \/>\t\t\t\t\t\t\t\t<\/a>\n\t\t\t\t\t\t\t\t\t\t\t\t\t\t\t<\/div>\n\t\t\t\t<\/div>\n\t\t\t\t<div class=\"elementor-element elementor-element-aac7454 elementor-widget elementor-widget-text-editor\" data-id=\"aac7454\" data-element_type=\"widget\" data-e-type=\"widget\" data-widget_type=\"text-editor.default\">\n\t\t\t\t<div class=\"elementor-widget-container\">\n\t\t\t\t\t\t\t\t\t<p style=\"text-align: center;\"><a href=\"https:\/\/clasesdemecanica.net\/index.php\/resistencia-bj-7ed-cap-ii-esfuerzo-y-deformacion-carga-axial\/\"><strong>Cap\u00edtulo II:<\/strong> \u00abEsfuerzo y deformaci\u00f3n: carga axial\u00bb<\/a><\/p>\t\t\t\t\t\t\t\t<\/div>\n\t\t\t\t<\/div>\n\t\t\t\t\t<\/div>\n\t\t<\/div>\n\t\t\t\t\t<\/div>\n\t\t<\/section>\n\t\t\t\t<section class=\"elementor-section elementor-inner-section elementor-element elementor-element-74cded4 elementor-section-boxed elementor-section-height-default elementor-section-height-default\" data-id=\"74cded4\" data-element_type=\"section\" data-e-type=\"section\">\n\t\t\t\t\t\t<div class=\"elementor-container elementor-column-gap-default\">\n\t\t\t\t\t<div class=\"elementor-column elementor-col-100 elementor-inner-column elementor-element elementor-element-c72b883\" data-id=\"c72b883\" data-element_type=\"column\" data-e-type=\"column\">\n\t\t\t<div class=\"elementor-widget-wrap elementor-element-populated\">\n\t\t\t\t\t\t<div class=\"elementor-element elementor-element-3af3a71 elementor-widget elementor-widget-image\" data-id=\"3af3a71\" data-element_type=\"widget\" data-e-type=\"widget\" data-widget_type=\"image.default\">\n\t\t\t\t<div class=\"elementor-widget-container\">\n\t\t\t\t\t\t\t\t\t\t\t\t\t\t\t\t<a href=\"https:\/\/clasesdemecanica.net\/index.php\/resistencia-bj-7ed-cap-iii-torsion\/\">\n\t\t\t\t\t\t\t<img decoding=\"async\" width=\"903\" height=\"568\" src=\"https:\/\/clasesdemecanica.net\/wp-content\/uploads\/2022\/05\/Cap-III-RB7.png\" class=\"attachment-full size-full wp-image-4195\" alt=\"\" srcset=\"https:\/\/clasesdemecanica.net\/wp-content\/uploads\/2022\/05\/Cap-III-RB7.png 903w, https:\/\/clasesdemecanica.net\/wp-content\/uploads\/2022\/05\/Cap-III-RB7-300x189.png 300w, https:\/\/clasesdemecanica.net\/wp-content\/uploads\/2022\/05\/Cap-III-RB7-768x483.png 768w\" sizes=\"(max-width: 903px) 100vw, 903px\" \/>\t\t\t\t\t\t\t\t<\/a>\n\t\t\t\t\t\t\t\t\t\t\t\t\t\t\t<\/div>\n\t\t\t\t<\/div>\n\t\t\t\t<div class=\"elementor-element elementor-element-7473c11 elementor-widget elementor-widget-text-editor\" data-id=\"7473c11\" data-element_type=\"widget\" data-e-type=\"widget\" data-widget_type=\"text-editor.default\">\n\t\t\t\t<div class=\"elementor-widget-container\">\n\t\t\t\t\t\t\t\t\t<p style=\"text-align: center;\"><a href=\"https:\/\/clasesdemecanica.net\/index.php\/resistencia-bj-7ed-cap-iii-torsion\/\"><strong>Cap\u00edtulo III: <\/strong>\u00abTorsi\u00f3n\u00bb<\/a><\/p>\t\t\t\t\t\t\t\t<\/div>\n\t\t\t\t<\/div>\n\t\t\t\t\t<\/div>\n\t\t<\/div>\n\t\t\t\t\t<\/div>\n\t\t<\/section>\n\t\t\t\t\t<\/div>\n\t\t<\/div>\n\t\t\t\t<div class=\"elementor-column elementor-col-33 elementor-inner-column elementor-element elementor-element-c0e6e51\" data-id=\"c0e6e51\" data-element_type=\"column\" data-e-type=\"column\">\n\t\t\t<div class=\"elementor-widget-wrap elementor-element-populated\">\n\t\t\t\t\t\t<section class=\"elementor-section elementor-inner-section elementor-element elementor-element-34d94b0 elementor-section-boxed elementor-section-height-default elementor-section-height-default\" data-id=\"34d94b0\" data-element_type=\"section\" data-e-type=\"section\">\n\t\t\t\t\t\t<div class=\"elementor-container elementor-column-gap-default\">\n\t\t\t\t\t<div class=\"elementor-column elementor-col-100 elementor-inner-column elementor-element elementor-element-08d8eff\" data-id=\"08d8eff\" data-element_type=\"column\" data-e-type=\"column\">\n\t\t\t<div class=\"elementor-widget-wrap elementor-element-populated\">\n\t\t\t\t\t\t<div class=\"elementor-element elementor-element-8889576 elementor-widget elementor-widget-image\" data-id=\"8889576\" data-element_type=\"widget\" data-e-type=\"widget\" data-widget_type=\"image.default\">\n\t\t\t\t<div class=\"elementor-widget-container\">\n\t\t\t\t\t\t\t\t\t\t\t\t\t\t\t\t<a href=\"https:\/\/clasesdemecanica.net\/index.php\/resistencia-bj-7ed-cap-iv-flexion-pura\/\">\n\t\t\t\t\t\t\t<img loading=\"lazy\" decoding=\"async\" width=\"920\" height=\"580\" src=\"https:\/\/clasesdemecanica.net\/wp-content\/uploads\/2022\/05\/Cap-IV-RB7.png\" class=\"attachment-full size-full wp-image-4196\" alt=\"\" srcset=\"https:\/\/clasesdemecanica.net\/wp-content\/uploads\/2022\/05\/Cap-IV-RB7.png 920w, https:\/\/clasesdemecanica.net\/wp-content\/uploads\/2022\/05\/Cap-IV-RB7-300x189.png 300w, https:\/\/clasesdemecanica.net\/wp-content\/uploads\/2022\/05\/Cap-IV-RB7-768x484.png 768w\" sizes=\"(max-width: 920px) 100vw, 920px\" \/>\t\t\t\t\t\t\t\t<\/a>\n\t\t\t\t\t\t\t\t\t\t\t\t\t\t\t<\/div>\n\t\t\t\t<\/div>\n\t\t\t\t<div class=\"elementor-element elementor-element-c903629 elementor-widget elementor-widget-text-editor\" data-id=\"c903629\" data-element_type=\"widget\" data-e-type=\"widget\" data-widget_type=\"text-editor.default\">\n\t\t\t\t<div class=\"elementor-widget-container\">\n\t\t\t\t\t\t\t\t\t<p style=\"text-align: center;\"><a href=\"https:\/\/clasesdemecanica.net\/index.php\/resistencia-bj-7ed-cap-iv-flexion-pura\/\"><strong>Cap\u00edtulo IV: <\/strong>\u00abFlexi\u00f3n Pura\u00bb<\/a><\/p>\t\t\t\t\t\t\t\t<\/div>\n\t\t\t\t<\/div>\n\t\t\t\t\t<\/div>\n\t\t<\/div>\n\t\t\t\t\t<\/div>\n\t\t<\/section>\n\t\t\t\t<section class=\"elementor-section elementor-inner-section elementor-element elementor-element-bc0d0df elementor-section-boxed elementor-section-height-default elementor-section-height-default\" data-id=\"bc0d0df\" data-element_type=\"section\" data-e-type=\"section\">\n\t\t\t\t\t\t<div class=\"elementor-container elementor-column-gap-default\">\n\t\t\t\t\t<div class=\"elementor-column elementor-col-100 elementor-inner-column elementor-element elementor-element-058106e\" data-id=\"058106e\" data-element_type=\"column\" data-e-type=\"column\">\n\t\t\t<div class=\"elementor-widget-wrap elementor-element-populated\">\n\t\t\t\t\t\t<div class=\"elementor-element elementor-element-79e14b8 elementor-widget elementor-widget-image\" data-id=\"79e14b8\" data-element_type=\"widget\" data-e-type=\"widget\" data-widget_type=\"image.default\">\n\t\t\t\t<div class=\"elementor-widget-container\">\n\t\t\t\t\t\t\t\t\t\t\t\t\t\t\t\t<a href=\"https:\/\/clasesdemecanica.net\/index.php\/resistencia-bj-7ed-cap-v-analisis-y-diseno-de-vigas-para-flexion\/\">\n\t\t\t\t\t\t\t<img loading=\"lazy\" decoding=\"async\" width=\"919\" height=\"581\" src=\"https:\/\/clasesdemecanica.net\/wp-content\/uploads\/2022\/05\/Cap-V-RB7.png\" class=\"attachment-full size-full wp-image-4225\" alt=\"\" srcset=\"https:\/\/clasesdemecanica.net\/wp-content\/uploads\/2022\/05\/Cap-V-RB7.png 919w, https:\/\/clasesdemecanica.net\/wp-content\/uploads\/2022\/05\/Cap-V-RB7-300x190.png 300w, https:\/\/clasesdemecanica.net\/wp-content\/uploads\/2022\/05\/Cap-V-RB7-768x486.png 768w\" sizes=\"(max-width: 919px) 100vw, 919px\" \/>\t\t\t\t\t\t\t\t<\/a>\n\t\t\t\t\t\t\t\t\t\t\t\t\t\t\t<\/div>\n\t\t\t\t<\/div>\n\t\t\t\t<div class=\"elementor-element elementor-element-2d8c86a elementor-widget elementor-widget-text-editor\" data-id=\"2d8c86a\" data-element_type=\"widget\" data-e-type=\"widget\" data-widget_type=\"text-editor.default\">\n\t\t\t\t<div class=\"elementor-widget-container\">\n\t\t\t\t\t\t\t\t\t<p style=\"text-align: center;\"><a href=\"https:\/\/clasesdemecanica.net\/index.php\/resistencia-bj-7ed-cap-v-analisis-y-diseno-de-vigas-para-flexion\/\"><strong>Cap\u00edtulo V: <\/strong>\u00abAn\u00e1lisis y dise\u00f1o de vigas para flexi\u00f3n\u00bb<\/a><\/p>\t\t\t\t\t\t\t\t<\/div>\n\t\t\t\t<\/div>\n\t\t\t\t\t<\/div>\n\t\t<\/div>\n\t\t\t\t\t<\/div>\n\t\t<\/section>\n\t\t\t\t<section class=\"elementor-section elementor-inner-section elementor-element elementor-element-bb9899d elementor-section-boxed elementor-section-height-default elementor-section-height-default\" data-id=\"bb9899d\" data-element_type=\"section\" data-e-type=\"section\">\n\t\t\t\t\t\t<div class=\"elementor-container elementor-column-gap-default\">\n\t\t\t\t\t<div class=\"elementor-column elementor-col-100 elementor-inner-column elementor-element elementor-element-aee45a7\" data-id=\"aee45a7\" data-element_type=\"column\" data-e-type=\"column\">\n\t\t\t<div class=\"elementor-widget-wrap elementor-element-populated\">\n\t\t\t\t\t\t<div class=\"elementor-element elementor-element-21577c6 elementor-widget elementor-widget-image\" data-id=\"21577c6\" data-element_type=\"widget\" data-e-type=\"widget\" data-widget_type=\"image.default\">\n\t\t\t\t<div class=\"elementor-widget-container\">\n\t\t\t\t\t\t\t\t\t\t\t\t\t\t\t\t<a href=\"https:\/\/clasesdemecanica.net\/index.php\/resistencia-bj-7ed-cap-vi-esfuerzos-cortantes-en-vigas-y-elementos-de-pared-delgada\/\">\n\t\t\t\t\t\t\t<img loading=\"lazy\" decoding=\"async\" width=\"916\" height=\"569\" src=\"https:\/\/clasesdemecanica.net\/wp-content\/uploads\/2022\/05\/Cap-VI-RB7.png\" class=\"attachment-full size-full wp-image-4222\" alt=\"\" srcset=\"https:\/\/clasesdemecanica.net\/wp-content\/uploads\/2022\/05\/Cap-VI-RB7.png 916w, https:\/\/clasesdemecanica.net\/wp-content\/uploads\/2022\/05\/Cap-VI-RB7-300x186.png 300w, https:\/\/clasesdemecanica.net\/wp-content\/uploads\/2022\/05\/Cap-VI-RB7-768x477.png 768w\" sizes=\"(max-width: 916px) 100vw, 916px\" \/>\t\t\t\t\t\t\t\t<\/a>\n\t\t\t\t\t\t\t\t\t\t\t\t\t\t\t<\/div>\n\t\t\t\t<\/div>\n\t\t\t\t<div class=\"elementor-element elementor-element-1a19072 elementor-widget elementor-widget-text-editor\" data-id=\"1a19072\" data-element_type=\"widget\" data-e-type=\"widget\" data-widget_type=\"text-editor.default\">\n\t\t\t\t<div class=\"elementor-widget-container\">\n\t\t\t\t\t\t\t\t\t<p style=\"text-align: center;\"><a href=\"https:\/\/clasesdemecanica.net\/index.php\/resistencia-bj-7ed-cap-vi-esfuerzos-cortantes-en-vigas-y-elementos-de-pared-delgada\/\"><strong>Cap\u00edtulo VI: <\/strong>\u00abEsfuerzos cortantes en vigas y elementos de pared delgada\u00bb<\/a><\/p>\t\t\t\t\t\t\t\t<\/div>\n\t\t\t\t<\/div>\n\t\t\t\t\t<\/div>\n\t\t<\/div>\n\t\t\t\t\t<\/div>\n\t\t<\/section>\n\t\t\t\t\t<\/div>\n\t\t<\/div>\n\t\t\t\t<div class=\"elementor-column elementor-col-33 elementor-inner-column elementor-element elementor-element-b631ed1\" data-id=\"b631ed1\" data-element_type=\"column\" data-e-type=\"column\">\n\t\t\t<div class=\"elementor-widget-wrap elementor-element-populated\">\n\t\t\t\t\t\t<section class=\"elementor-section elementor-inner-section elementor-element elementor-element-fb28aea elementor-section-boxed elementor-section-height-default elementor-section-height-default\" data-id=\"fb28aea\" data-element_type=\"section\" data-e-type=\"section\">\n\t\t\t\t\t\t<div class=\"elementor-container elementor-column-gap-default\">\n\t\t\t\t\t<div class=\"elementor-column elementor-col-100 elementor-inner-column elementor-element elementor-element-5b51e82\" data-id=\"5b51e82\" data-element_type=\"column\" data-e-type=\"column\">\n\t\t\t<div class=\"elementor-widget-wrap elementor-element-populated\">\n\t\t\t\t\t\t<div class=\"elementor-element elementor-element-a9229e1 elementor-widget elementor-widget-image\" data-id=\"a9229e1\" data-element_type=\"widget\" data-e-type=\"widget\" data-widget_type=\"image.default\">\n\t\t\t\t<div class=\"elementor-widget-container\">\n\t\t\t\t\t\t\t\t\t\t\t\t\t\t\t\t<a href=\"https:\/\/clasesdemecanica.net\/index.php\/resistencia-bj-7ed-cap-vii-transformaciones-de-esfuerzos-y-deformaciones\/\">\n\t\t\t\t\t\t\t<img loading=\"lazy\" decoding=\"async\" width=\"923\" height=\"567\" src=\"https:\/\/clasesdemecanica.net\/wp-content\/uploads\/2022\/05\/Cap-VII-RB7.png\" class=\"attachment-full size-full wp-image-4223\" alt=\"\" srcset=\"https:\/\/clasesdemecanica.net\/wp-content\/uploads\/2022\/05\/Cap-VII-RB7.png 923w, https:\/\/clasesdemecanica.net\/wp-content\/uploads\/2022\/05\/Cap-VII-RB7-300x184.png 300w, https:\/\/clasesdemecanica.net\/wp-content\/uploads\/2022\/05\/Cap-VII-RB7-768x472.png 768w\" sizes=\"(max-width: 923px) 100vw, 923px\" \/>\t\t\t\t\t\t\t\t<\/a>\n\t\t\t\t\t\t\t\t\t\t\t\t\t\t\t<\/div>\n\t\t\t\t<\/div>\n\t\t\t\t<div class=\"elementor-element elementor-element-f0bc520 elementor-widget elementor-widget-text-editor\" data-id=\"f0bc520\" data-element_type=\"widget\" data-e-type=\"widget\" data-widget_type=\"text-editor.default\">\n\t\t\t\t<div class=\"elementor-widget-container\">\n\t\t\t\t\t\t\t\t\t<p style=\"text-align: center;\"><a href=\"https:\/\/clasesdemecanica.net\/index.php\/resistencia-bj-7ed-cap-vii-transformaciones-de-esfuerzos-y-deformaciones\/\"><strong>Cap\u00edtulo VII: <\/strong>\u00abTransformaciones de esfuerzos y deformaciones\u00bb<\/a><\/p>\t\t\t\t\t\t\t\t<\/div>\n\t\t\t\t<\/div>\n\t\t\t\t\t<\/div>\n\t\t<\/div>\n\t\t\t\t\t<\/div>\n\t\t<\/section>\n\t\t\t\t<section class=\"elementor-section elementor-inner-section elementor-element elementor-element-4c22862 elementor-section-boxed elementor-section-height-default elementor-section-height-default\" data-id=\"4c22862\" data-element_type=\"section\" data-e-type=\"section\">\n\t\t\t\t\t\t<div class=\"elementor-container elementor-column-gap-default\">\n\t\t\t\t\t<div class=\"elementor-column elementor-col-100 elementor-inner-column elementor-element elementor-element-41bdfdf\" data-id=\"41bdfdf\" data-element_type=\"column\" data-e-type=\"column\">\n\t\t\t<div class=\"elementor-widget-wrap elementor-element-populated\">\n\t\t\t\t\t\t<div class=\"elementor-element elementor-element-2b46104 elementor-widget elementor-widget-image\" data-id=\"2b46104\" data-element_type=\"widget\" data-e-type=\"widget\" data-widget_type=\"image.default\">\n\t\t\t\t<div class=\"elementor-widget-container\">\n\t\t\t\t\t\t\t\t\t\t\t\t\t\t\t\t<a href=\"https:\/\/clasesdemecanica.net\/index.php\/resistencia-bj-7ed-cap-viii-esfuerzos-principales-bajo-una-carga-dada\/\">\n\t\t\t\t\t\t\t<img loading=\"lazy\" decoding=\"async\" width=\"911\" height=\"569\" src=\"https:\/\/clasesdemecanica.net\/wp-content\/uploads\/2022\/05\/Cap-VIII-RB7.png\" class=\"attachment-full size-full wp-image-4224\" alt=\"\" srcset=\"https:\/\/clasesdemecanica.net\/wp-content\/uploads\/2022\/05\/Cap-VIII-RB7.png 911w, https:\/\/clasesdemecanica.net\/wp-content\/uploads\/2022\/05\/Cap-VIII-RB7-300x187.png 300w, https:\/\/clasesdemecanica.net\/wp-content\/uploads\/2022\/05\/Cap-VIII-RB7-768x480.png 768w\" sizes=\"(max-width: 911px) 100vw, 911px\" \/>\t\t\t\t\t\t\t\t<\/a>\n\t\t\t\t\t\t\t\t\t\t\t\t\t\t\t<\/div>\n\t\t\t\t<\/div>\n\t\t\t\t<div class=\"elementor-element elementor-element-72a6303 elementor-widget elementor-widget-text-editor\" data-id=\"72a6303\" data-element_type=\"widget\" data-e-type=\"widget\" data-widget_type=\"text-editor.default\">\n\t\t\t\t<div class=\"elementor-widget-container\">\n\t\t\t\t\t\t\t\t\t<p style=\"text-align: center;\"><a href=\"https:\/\/clasesdemecanica.net\/index.php\/resistencia-bj-7ed-cap-viii-esfuerzos-principales-bajo-una-carga-dada\/\"><strong>Cap\u00edtulo VIII: <\/strong>\u00abEsfuerzos principales bajo una carga dada\u00bb<\/a><\/p>\t\t\t\t\t\t\t\t<\/div>\n\t\t\t\t<\/div>\n\t\t\t\t\t<\/div>\n\t\t<\/div>\n\t\t\t\t\t<\/div>\n\t\t<\/section>\n\t\t\t\t\t<\/div>\n\t\t<\/div>\n\t\t\t\t\t<\/div>\n\t\t<\/section>\n\t\t\t\t\t<\/div>\n\t\t<\/div>\n\t\t\t\t\t<\/div>\n\t\t<\/section>\n\t\t\t\t<\/div>\n\t\t","protected":false},"excerpt":{"rendered":"<p>Mec\u00e1nica de Materiales &#8211; Beer &amp; Jhonston 7 Ed. Cap\u00edtulo I: \u00abIntroducci\u00f3n: concepto de esfuerzo\u00bb Cap\u00edtulo II: \u00abEsfuerzo y deformaci\u00f3n: carga axial\u00bb Cap\u00edtulo III: \u00abTorsi\u00f3n\u00bb Cap\u00edtulo IV: \u00abFlexi\u00f3n Pura\u00bb Cap\u00edtulo V: \u00abAn\u00e1lisis y dise\u00f1o de vigas para flexi\u00f3n\u00bb Cap\u00edtulo VI: \u00abEsfuerzos cortantes en vigas y elementos de pared delgada\u00bb Cap\u00edtulo VII: \u00abTransformaciones de esfuerzos y [&hellip;]<\/p>\n","protected":false},"author":1,"featured_media":0,"parent":0,"menu_order":0,"comment_status":"closed","ping_status":"closed","template":"","meta":{"footnotes":""},"class_list":["post-8581","page","type-page","status-publish","hentry"],"_links":{"self":[{"href":"https:\/\/clasesdemecanica.net\/index.php\/wp-json\/wp\/v2\/pages\/8581","targetHints":{"allow":["GET"]}}],"collection":[{"href":"https:\/\/clasesdemecanica.net\/index.php\/wp-json\/wp\/v2\/pages"}],"about":[{"href":"https:\/\/clasesdemecanica.net\/index.php\/wp-json\/wp\/v2\/types\/page"}],"author":[{"embeddable":true,"href":"https:\/\/clasesdemecanica.net\/index.php\/wp-json\/wp\/v2\/users\/1"}],"replies":[{"embeddable":true,"href":"https:\/\/clasesdemecanica.net\/index.php\/wp-json\/wp\/v2\/comments?post=8581"}],"version-history":[{"count":4,"href":"https:\/\/clasesdemecanica.net\/index.php\/wp-json\/wp\/v2\/pages\/8581\/revisions"}],"predecessor-version":[{"id":8585,"href":"https:\/\/clasesdemecanica.net\/index.php\/wp-json\/wp\/v2\/pages\/8581\/revisions\/8585"}],"wp:attachment":[{"href":"https:\/\/clasesdemecanica.net\/index.php\/wp-json\/wp\/v2\/media?parent=8581"}],"curies":[{"name":"wp","href":"https:\/\/api.w.org\/{rel}","templated":true}]}}