{"id":9102,"date":"2025-03-10T15:05:29","date_gmt":"2025-03-10T15:05:29","guid":{"rendered":"https:\/\/clasesdemecanica.net\/?page_id=9102"},"modified":"2025-06-19T04:05:14","modified_gmt":"2025-06-19T04:05:14","slug":"dinamica-bj-9ed","status":"publish","type":"page","link":"https:\/\/clasesdemecanica.net\/index.php\/dinamica-bj-9ed\/","title":{"rendered":"Dinamica B&#038;J 9Ed &#8211; Mecanica Vectorial"},"content":{"rendered":"\t\t<div data-elementor-type=\"wp-page\" data-elementor-id=\"9102\" class=\"elementor elementor-9102\" data-elementor-post-type=\"page\">\n\t\t\t\t\t\t<section class=\"elementor-section elementor-top-section elementor-element elementor-element-0683b61 elementor-section-boxed elementor-section-height-default elementor-section-height-default\" data-id=\"0683b61\" data-element_type=\"section\" data-e-type=\"section\">\n\t\t\t\t\t\t<div class=\"elementor-container elementor-column-gap-default\">\n\t\t\t\t\t<div class=\"elementor-column elementor-col-100 elementor-top-column elementor-element elementor-element-dd41cfc\" data-id=\"dd41cfc\" data-element_type=\"column\" data-e-type=\"column\">\n\t\t\t<div class=\"elementor-widget-wrap elementor-element-populated\">\n\t\t\t\t\t\t<section class=\"elementor-section elementor-inner-section elementor-element elementor-element-b1c882d elementor-section-boxed elementor-section-height-default elementor-section-height-default\" data-id=\"b1c882d\" data-element_type=\"section\" data-e-type=\"section\">\n\t\t\t\t\t\t<div class=\"elementor-container elementor-column-gap-default\">\n\t\t\t\t\t<div class=\"elementor-column elementor-col-100 elementor-inner-column elementor-element elementor-element-812a4dd\" data-id=\"812a4dd\" data-element_type=\"column\" data-e-type=\"column\">\n\t\t\t<div class=\"elementor-widget-wrap elementor-element-populated\">\n\t\t\t\t\t\t<div class=\"elementor-element elementor-element-b69d690 elementor-widget elementor-widget-heading\" data-id=\"b69d690\" data-element_type=\"widget\" data-e-type=\"widget\" data-widget_type=\"heading.default\">\n\t\t\t\t<div class=\"elementor-widget-container\">\n\t\t\t\t\t<h2 class=\"elementor-heading-title elementor-size-default\">Mec\u00e1nica Vectorial Para Ingenieros DINAMICA - Beer - 9na Ed.<\/h2>\t\t\t\t<\/div>\n\t\t\t\t<\/div>\n\t\t\t\t\t<\/div>\n\t\t<\/div>\n\t\t\t\t\t<\/div>\n\t\t<\/section>\n\t\t\t\t<section class=\"elementor-section elementor-inner-section elementor-element elementor-element-7cf6529 elementor-section-boxed elementor-section-height-default elementor-section-height-default\" data-id=\"7cf6529\" data-element_type=\"section\" data-e-type=\"section\">\n\t\t\t\t\t\t<div class=\"elementor-container elementor-column-gap-default\">\n\t\t\t\t\t<div class=\"elementor-column elementor-col-33 elementor-inner-column elementor-element elementor-element-ced84e0\" data-id=\"ced84e0\" data-element_type=\"column\" data-e-type=\"column\">\n\t\t\t<div class=\"elementor-widget-wrap elementor-element-populated\">\n\t\t\t\t\t\t<section class=\"elementor-section elementor-inner-section elementor-element elementor-element-eabece4 elementor-section-boxed elementor-section-height-default elementor-section-height-default\" data-id=\"eabece4\" data-element_type=\"section\" data-e-type=\"section\">\n\t\t\t\t\t\t<div class=\"elementor-container elementor-column-gap-default\">\n\t\t\t\t\t<div class=\"elementor-column elementor-col-100 elementor-inner-column elementor-element elementor-element-6c7ee69\" data-id=\"6c7ee69\" data-element_type=\"column\" data-e-type=\"column\">\n\t\t\t<div class=\"elementor-widget-wrap elementor-element-populated\">\n\t\t\t\t\t\t<div class=\"elementor-element elementor-element-97923a2 elementor-widget elementor-widget-image\" data-id=\"97923a2\" data-element_type=\"widget\" data-e-type=\"widget\" data-widget_type=\"image.default\">\n\t\t\t\t<div class=\"elementor-widget-container\">\n\t\t\t\t\t\t\t\t\t\t\t\t\t\t\t\t<a href=\"https:\/\/clasesdemecanica.net\/index.php\/ejercicios-resueltos-cap11-bj-9ed\/\">\n\t\t\t\t\t\t\t<img fetchpriority=\"high\" decoding=\"async\" width=\"1386\" height=\"848\" src=\"https:\/\/clasesdemecanica.net\/wp-content\/uploads\/2025\/03\/CAP-11-b-Cinematica-de-particulas-b.jpg\" class=\"attachment-full size-full wp-image-9090\" alt=\"\" srcset=\"https:\/\/clasesdemecanica.net\/wp-content\/uploads\/2025\/03\/CAP-11-b-Cinematica-de-particulas-b.jpg 1386w, https:\/\/clasesdemecanica.net\/wp-content\/uploads\/2025\/03\/CAP-11-b-Cinematica-de-particulas-b-300x184.jpg 300w, https:\/\/clasesdemecanica.net\/wp-content\/uploads\/2025\/03\/CAP-11-b-Cinematica-de-particulas-b-1024x627.jpg 1024w, https:\/\/clasesdemecanica.net\/wp-content\/uploads\/2025\/03\/CAP-11-b-Cinematica-de-particulas-b-768x470.jpg 768w\" sizes=\"(max-width: 1386px) 100vw, 1386px\" \/>\t\t\t\t\t\t\t\t<\/a>\n\t\t\t\t\t\t\t\t\t\t\t\t\t\t\t<\/div>\n\t\t\t\t<\/div>\n\t\t\t\t<div class=\"elementor-element elementor-element-67fbdb3 elementor-widget elementor-widget-text-editor\" data-id=\"67fbdb3\" data-element_type=\"widget\" data-e-type=\"widget\" data-widget_type=\"text-editor.default\">\n\t\t\t\t<div class=\"elementor-widget-container\">\n\t\t\t\t\t\t\t\t\t<p style=\"text-align: center;\"><a href=\"https:\/\/clasesdemecanica.net\/index.php\/ejercicios-resueltos-cap11-bj-9ed\/\"><strong>Cap\u00edtulo XI: <\/strong>\u00abCinem\u00e1tica de Part\u00edculas\u00bb<\/a><\/p>\t\t\t\t\t\t\t\t<\/div>\n\t\t\t\t<\/div>\n\t\t\t\t\t<\/div>\n\t\t<\/div>\n\t\t\t\t\t<\/div>\n\t\t<\/section>\n\t\t\t\t<section class=\"elementor-section elementor-inner-section elementor-element elementor-element-c0bb846 elementor-section-boxed elementor-section-height-default elementor-section-height-default\" data-id=\"c0bb846\" data-element_type=\"section\" data-e-type=\"section\">\n\t\t\t\t\t\t<div class=\"elementor-container elementor-column-gap-default\">\n\t\t\t\t\t<div class=\"elementor-column elementor-col-100 elementor-inner-column elementor-element elementor-element-364b692\" data-id=\"364b692\" data-element_type=\"column\" data-e-type=\"column\">\n\t\t\t<div class=\"elementor-widget-wrap elementor-element-populated\">\n\t\t\t\t\t\t<div class=\"elementor-element elementor-element-ec560e3 elementor-widget elementor-widget-image\" data-id=\"ec560e3\" data-element_type=\"widget\" data-e-type=\"widget\" data-widget_type=\"image.default\">\n\t\t\t\t<div class=\"elementor-widget-container\">\n\t\t\t\t\t\t\t\t\t\t\t\t\t\t\t\t<a href=\"https:\/\/clasesdemecanica.net\/index.php\/ejercicios-resueltos-cap12-bj-9ed\/\">\n\t\t\t\t\t\t\t<img decoding=\"async\" width=\"1381\" height=\"860\" src=\"https:\/\/clasesdemecanica.net\/wp-content\/uploads\/2025\/03\/CAP-12-b-Cinetica-de-particulas-SEGUNDA-LEY.jpg\" class=\"attachment-full size-full wp-image-9091\" alt=\"\" srcset=\"https:\/\/clasesdemecanica.net\/wp-content\/uploads\/2025\/03\/CAP-12-b-Cinetica-de-particulas-SEGUNDA-LEY.jpg 1381w, https:\/\/clasesdemecanica.net\/wp-content\/uploads\/2025\/03\/CAP-12-b-Cinetica-de-particulas-SEGUNDA-LEY-300x187.jpg 300w, https:\/\/clasesdemecanica.net\/wp-content\/uploads\/2025\/03\/CAP-12-b-Cinetica-de-particulas-SEGUNDA-LEY-1024x638.jpg 1024w, https:\/\/clasesdemecanica.net\/wp-content\/uploads\/2025\/03\/CAP-12-b-Cinetica-de-particulas-SEGUNDA-LEY-768x478.jpg 768w\" sizes=\"(max-width: 1381px) 100vw, 1381px\" \/>\t\t\t\t\t\t\t\t<\/a>\n\t\t\t\t\t\t\t\t\t\t\t\t\t\t\t<\/div>\n\t\t\t\t<\/div>\n\t\t\t\t<div class=\"elementor-element elementor-element-85083eb elementor-widget elementor-widget-text-editor\" data-id=\"85083eb\" data-element_type=\"widget\" data-e-type=\"widget\" data-widget_type=\"text-editor.default\">\n\t\t\t\t<div class=\"elementor-widget-container\">\n\t\t\t\t\t\t\t\t\t<p style=\"text-align: center;\"><a href=\"https:\/\/clasesdemecanica.net\/index.php\/ejercicios-resueltos-cap12-bj-9ed\/\"><strong>Cap\u00edtulo XII:<\/strong> \u00abCin\u00e9tica de part\u00edculas: segunda ley de Newton\u00bb\u00a0<\/a><\/p>\t\t\t\t\t\t\t\t<\/div>\n\t\t\t\t<\/div>\n\t\t\t\t\t<\/div>\n\t\t<\/div>\n\t\t\t\t\t<\/div>\n\t\t<\/section>\n\t\t\t\t<section class=\"elementor-section elementor-inner-section elementor-element elementor-element-6b262e0 elementor-section-boxed elementor-section-height-default elementor-section-height-default\" data-id=\"6b262e0\" data-element_type=\"section\" data-e-type=\"section\">\n\t\t\t\t\t\t<div class=\"elementor-container elementor-column-gap-default\">\n\t\t\t\t\t<div class=\"elementor-column elementor-col-100 elementor-inner-column elementor-element elementor-element-7f67d12\" data-id=\"7f67d12\" data-element_type=\"column\" data-e-type=\"column\">\n\t\t\t<div class=\"elementor-widget-wrap elementor-element-populated\">\n\t\t\t\t\t\t<div class=\"elementor-element elementor-element-e8f2d5f elementor-widget elementor-widget-image\" data-id=\"e8f2d5f\" data-element_type=\"widget\" data-e-type=\"widget\" data-widget_type=\"image.default\">\n\t\t\t\t<div class=\"elementor-widget-container\">\n\t\t\t\t\t\t\t\t\t\t\t\t\t\t\t\t<a href=\"https:\/\/clasesdemecanica.net\/index.php\/ejercicios-resueltos-cap13-bj-9ed\/\">\n\t\t\t\t\t\t\t<img decoding=\"async\" width=\"1375\" height=\"846\" src=\"https:\/\/clasesdemecanica.net\/wp-content\/uploads\/2025\/03\/CAP-13-b-Cinetica-de-particulas-ENERGIA.jpg\" class=\"attachment-full size-full wp-image-9092\" alt=\"\" srcset=\"https:\/\/clasesdemecanica.net\/wp-content\/uploads\/2025\/03\/CAP-13-b-Cinetica-de-particulas-ENERGIA.jpg 1375w, https:\/\/clasesdemecanica.net\/wp-content\/uploads\/2025\/03\/CAP-13-b-Cinetica-de-particulas-ENERGIA-300x185.jpg 300w, https:\/\/clasesdemecanica.net\/wp-content\/uploads\/2025\/03\/CAP-13-b-Cinetica-de-particulas-ENERGIA-1024x630.jpg 1024w, https:\/\/clasesdemecanica.net\/wp-content\/uploads\/2025\/03\/CAP-13-b-Cinetica-de-particulas-ENERGIA-768x473.jpg 768w\" sizes=\"(max-width: 1375px) 100vw, 1375px\" \/>\t\t\t\t\t\t\t\t<\/a>\n\t\t\t\t\t\t\t\t\t\t\t\t\t\t\t<\/div>\n\t\t\t\t<\/div>\n\t\t\t\t<div class=\"elementor-element elementor-element-0abf093 elementor-widget elementor-widget-text-editor\" data-id=\"0abf093\" data-element_type=\"widget\" data-e-type=\"widget\" data-widget_type=\"text-editor.default\">\n\t\t\t\t<div class=\"elementor-widget-container\">\n\t\t\t\t\t\t\t\t\t<p style=\"text-align: center;\"><a href=\"https:\/\/clasesdemecanica.net\/index.php\/ejercicios-resueltos-cap13-bj-9ed\/\"><b>Cap\u00edtulo XIII: <\/b>\u00abCin\u00e9tica de part\u00edculas: m\u00e9todos de la energ\u00eda y la cantidad de movimiento\u00bb\u00a0<\/a><\/p>\t\t\t\t\t\t\t\t<\/div>\n\t\t\t\t<\/div>\n\t\t\t\t\t<\/div>\n\t\t<\/div>\n\t\t\t\t\t<\/div>\n\t\t<\/section>\n\t\t\t\t\t<\/div>\n\t\t<\/div>\n\t\t\t\t<div class=\"elementor-column elementor-col-33 elementor-inner-column elementor-element elementor-element-95e0631\" data-id=\"95e0631\" data-element_type=\"column\" data-e-type=\"column\">\n\t\t\t<div class=\"elementor-widget-wrap elementor-element-populated\">\n\t\t\t\t\t\t<section class=\"elementor-section elementor-inner-section elementor-element elementor-element-cb32489 elementor-section-content-middle elementor-section-boxed elementor-section-height-default elementor-section-height-default\" data-id=\"cb32489\" data-element_type=\"section\" data-e-type=\"section\">\n\t\t\t\t\t\t<div class=\"elementor-container elementor-column-gap-default\">\n\t\t\t\t\t<div class=\"elementor-column elementor-col-100 elementor-inner-column elementor-element elementor-element-b6cff5d\" data-id=\"b6cff5d\" data-element_type=\"column\" data-e-type=\"column\">\n\t\t\t<div class=\"elementor-widget-wrap elementor-element-populated\">\n\t\t\t\t\t\t<div class=\"elementor-element elementor-element-ef2bd12 elementor-widget elementor-widget-image\" data-id=\"ef2bd12\" data-element_type=\"widget\" data-e-type=\"widget\" data-widget_type=\"image.default\">\n\t\t\t\t<div class=\"elementor-widget-container\">\n\t\t\t\t\t\t\t\t\t\t\t\t\t\t\t<img loading=\"lazy\" decoding=\"async\" width=\"1373\" height=\"839\" src=\"https:\/\/clasesdemecanica.net\/wp-content\/uploads\/2025\/03\/CAP-14-b-Sistemas-de-particulas.jpg\" class=\"attachment-full size-full wp-image-9093\" alt=\"\" srcset=\"https:\/\/clasesdemecanica.net\/wp-content\/uploads\/2025\/03\/CAP-14-b-Sistemas-de-particulas.jpg 1373w, https:\/\/clasesdemecanica.net\/wp-content\/uploads\/2025\/03\/CAP-14-b-Sistemas-de-particulas-300x183.jpg 300w, https:\/\/clasesdemecanica.net\/wp-content\/uploads\/2025\/03\/CAP-14-b-Sistemas-de-particulas-1024x626.jpg 1024w, https:\/\/clasesdemecanica.net\/wp-content\/uploads\/2025\/03\/CAP-14-b-Sistemas-de-particulas-768x469.jpg 768w\" sizes=\"(max-width: 1373px) 100vw, 1373px\" \/>\t\t\t\t\t\t\t\t\t\t\t\t\t\t\t<\/div>\n\t\t\t\t<\/div>\n\t\t\t\t<div class=\"elementor-element elementor-element-04cc1eb elementor-widget elementor-widget-text-editor\" data-id=\"04cc1eb\" data-element_type=\"widget\" data-e-type=\"widget\" data-widget_type=\"text-editor.default\">\n\t\t\t\t<div class=\"elementor-widget-container\">\n\t\t\t\t\t\t\t\t\t<p style=\"text-align: center;\"><strong>Cap\u00edtulo XIV: <\/strong>\u00abSistemas de part\u00edculas\u00bb\u00a0<\/p>\t\t\t\t\t\t\t\t<\/div>\n\t\t\t\t<\/div>\n\t\t\t\t\t<\/div>\n\t\t<\/div>\n\t\t\t\t\t<\/div>\n\t\t<\/section>\n\t\t\t\t<section class=\"elementor-section elementor-inner-section elementor-element elementor-element-898426c elementor-section-content-middle elementor-section-boxed elementor-section-height-default elementor-section-height-default\" data-id=\"898426c\" data-element_type=\"section\" data-e-type=\"section\">\n\t\t\t\t\t\t<div class=\"elementor-container elementor-column-gap-default\">\n\t\t\t\t\t<div class=\"elementor-column elementor-col-100 elementor-inner-column elementor-element elementor-element-93a28e3\" data-id=\"93a28e3\" data-element_type=\"column\" data-e-type=\"column\">\n\t\t\t<div class=\"elementor-widget-wrap elementor-element-populated\">\n\t\t\t\t\t\t<div class=\"elementor-element elementor-element-fdd8abc elementor-widget elementor-widget-image\" data-id=\"fdd8abc\" data-element_type=\"widget\" data-e-type=\"widget\" data-widget_type=\"image.default\">\n\t\t\t\t<div class=\"elementor-widget-container\">\n\t\t\t\t\t\t\t\t\t\t\t\t\t\t\t\t<a href=\"https:\/\/clasesdemecanica.net\/index.php\/ejercicios-resueltos-cap15-bj-9ed\/\">\n\t\t\t\t\t\t\t<img loading=\"lazy\" decoding=\"async\" width=\"1369\" height=\"843\" src=\"https:\/\/clasesdemecanica.net\/wp-content\/uploads\/2025\/03\/CAP-15-b-Cinematica-de-cuerpos-rigidos.jpg\" class=\"attachment-full size-full wp-image-9094\" alt=\"\" srcset=\"https:\/\/clasesdemecanica.net\/wp-content\/uploads\/2025\/03\/CAP-15-b-Cinematica-de-cuerpos-rigidos.jpg 1369w, https:\/\/clasesdemecanica.net\/wp-content\/uploads\/2025\/03\/CAP-15-b-Cinematica-de-cuerpos-rigidos-300x185.jpg 300w, https:\/\/clasesdemecanica.net\/wp-content\/uploads\/2025\/03\/CAP-15-b-Cinematica-de-cuerpos-rigidos-1024x631.jpg 1024w, https:\/\/clasesdemecanica.net\/wp-content\/uploads\/2025\/03\/CAP-15-b-Cinematica-de-cuerpos-rigidos-768x473.jpg 768w\" sizes=\"(max-width: 1369px) 100vw, 1369px\" \/>\t\t\t\t\t\t\t\t<\/a>\n\t\t\t\t\t\t\t\t\t\t\t\t\t\t\t<\/div>\n\t\t\t\t<\/div>\n\t\t\t\t<div class=\"elementor-element elementor-element-c25f455 elementor-widget elementor-widget-text-editor\" data-id=\"c25f455\" data-element_type=\"widget\" data-e-type=\"widget\" data-widget_type=\"text-editor.default\">\n\t\t\t\t<div class=\"elementor-widget-container\">\n\t\t\t\t\t\t\t\t\t<p style=\"text-align: center;\"><a href=\"https:\/\/clasesdemecanica.net\/index.php\/ejercicios-resueltos-cap15-bj-9ed\/\"><b>Cap\u00edtulo XV: <\/b>\u00abCinem\u00e1tica de cuerpos r\u00edgidos\u00bb\u00a0<\/a><\/p>\t\t\t\t\t\t\t\t<\/div>\n\t\t\t\t<\/div>\n\t\t\t\t\t<\/div>\n\t\t<\/div>\n\t\t\t\t\t<\/div>\n\t\t<\/section>\n\t\t\t\t<section class=\"elementor-section elementor-inner-section elementor-element elementor-element-97f1d95 elementor-section-boxed elementor-section-height-default elementor-section-height-default\" data-id=\"97f1d95\" data-element_type=\"section\" data-e-type=\"section\">\n\t\t\t\t\t\t<div class=\"elementor-container elementor-column-gap-default\">\n\t\t\t\t\t<div class=\"elementor-column elementor-col-100 elementor-inner-column elementor-element elementor-element-338accc\" data-id=\"338accc\" data-element_type=\"column\" data-e-type=\"column\">\n\t\t\t<div class=\"elementor-widget-wrap elementor-element-populated\">\n\t\t\t\t\t\t<div class=\"elementor-element elementor-element-03cb674 elementor-widget elementor-widget-image\" data-id=\"03cb674\" data-element_type=\"widget\" data-e-type=\"widget\" data-widget_type=\"image.default\">\n\t\t\t\t<div class=\"elementor-widget-container\">\n\t\t\t\t\t\t\t\t\t\t\t\t\t\t\t\t<a href=\"https:\/\/clasesdemecanica.net\/index.php\/ejercicios-resueltos-cap16-bj-9ed\/\">\n\t\t\t\t\t\t\t<img loading=\"lazy\" decoding=\"async\" width=\"1381\" height=\"855\" src=\"https:\/\/clasesdemecanica.net\/wp-content\/uploads\/2025\/03\/CAP-16-b-Movimiento-de-cuerpos-rigidos.jpg\" class=\"attachment-full size-full wp-image-9095\" alt=\"\" srcset=\"https:\/\/clasesdemecanica.net\/wp-content\/uploads\/2025\/03\/CAP-16-b-Movimiento-de-cuerpos-rigidos.jpg 1381w, https:\/\/clasesdemecanica.net\/wp-content\/uploads\/2025\/03\/CAP-16-b-Movimiento-de-cuerpos-rigidos-300x186.jpg 300w, https:\/\/clasesdemecanica.net\/wp-content\/uploads\/2025\/03\/CAP-16-b-Movimiento-de-cuerpos-rigidos-1024x634.jpg 1024w, https:\/\/clasesdemecanica.net\/wp-content\/uploads\/2025\/03\/CAP-16-b-Movimiento-de-cuerpos-rigidos-768x475.jpg 768w\" sizes=\"(max-width: 1381px) 100vw, 1381px\" \/>\t\t\t\t\t\t\t\t<\/a>\n\t\t\t\t\t\t\t\t\t\t\t\t\t\t\t<\/div>\n\t\t\t\t<\/div>\n\t\t\t\t<div class=\"elementor-element elementor-element-9f27ad5 elementor-widget elementor-widget-text-editor\" data-id=\"9f27ad5\" data-element_type=\"widget\" data-e-type=\"widget\" data-widget_type=\"text-editor.default\">\n\t\t\t\t<div class=\"elementor-widget-container\">\n\t\t\t\t\t\t\t\t\t<p style=\"text-align: center;\"><a href=\"https:\/\/clasesdemecanica.net\/index.php\/ejercicios-resueltos-cap16-bj-9ed\/\"><strong>Cap\u00edtulo XVI: <\/strong>\u00abMovimiento plano de cuerpos r\u00edgidos: fuerzas y aceleraciones\u00bb<\/a><\/p>\t\t\t\t\t\t\t\t<\/div>\n\t\t\t\t<\/div>\n\t\t\t\t\t<\/div>\n\t\t<\/div>\n\t\t\t\t\t<\/div>\n\t\t<\/section>\n\t\t\t\t\t<\/div>\n\t\t<\/div>\n\t\t\t\t<div class=\"elementor-column elementor-col-33 elementor-inner-column elementor-element elementor-element-bef8008\" data-id=\"bef8008\" data-element_type=\"column\" data-e-type=\"column\">\n\t\t\t<div class=\"elementor-widget-wrap elementor-element-populated\">\n\t\t\t\t\t\t<section class=\"elementor-section elementor-inner-section elementor-element elementor-element-f16fe45 elementor-section-boxed elementor-section-height-default elementor-section-height-default\" data-id=\"f16fe45\" data-element_type=\"section\" data-e-type=\"section\">\n\t\t\t\t\t\t<div class=\"elementor-container elementor-column-gap-default\">\n\t\t\t\t\t<div class=\"elementor-column elementor-col-100 elementor-inner-column elementor-element elementor-element-142a2cb\" data-id=\"142a2cb\" data-element_type=\"column\" data-e-type=\"column\">\n\t\t\t<div class=\"elementor-widget-wrap elementor-element-populated\">\n\t\t\t\t\t\t<div class=\"elementor-element elementor-element-0cd7d7d elementor-widget elementor-widget-image\" data-id=\"0cd7d7d\" data-element_type=\"widget\" data-e-type=\"widget\" data-widget_type=\"image.default\">\n\t\t\t\t<div class=\"elementor-widget-container\">\n\t\t\t\t\t\t\t\t\t\t\t\t\t\t\t\t<a href=\"https:\/\/clasesdemecanica.net\/index.php\/ejercicios-resueltos-cap17-bj-9ed\/\">\n\t\t\t\t\t\t\t<img loading=\"lazy\" decoding=\"async\" width=\"1375\" height=\"846\" src=\"https:\/\/clasesdemecanica.net\/wp-content\/uploads\/2025\/03\/CAP-17-b-Movimiento-plano-cuerpos-rigidos-ENERGIA.jpg\" class=\"attachment-full size-full wp-image-9096\" alt=\"\" srcset=\"https:\/\/clasesdemecanica.net\/wp-content\/uploads\/2025\/03\/CAP-17-b-Movimiento-plano-cuerpos-rigidos-ENERGIA.jpg 1375w, https:\/\/clasesdemecanica.net\/wp-content\/uploads\/2025\/03\/CAP-17-b-Movimiento-plano-cuerpos-rigidos-ENERGIA-300x185.jpg 300w, https:\/\/clasesdemecanica.net\/wp-content\/uploads\/2025\/03\/CAP-17-b-Movimiento-plano-cuerpos-rigidos-ENERGIA-1024x630.jpg 1024w, https:\/\/clasesdemecanica.net\/wp-content\/uploads\/2025\/03\/CAP-17-b-Movimiento-plano-cuerpos-rigidos-ENERGIA-768x473.jpg 768w\" sizes=\"(max-width: 1375px) 100vw, 1375px\" \/>\t\t\t\t\t\t\t\t<\/a>\n\t\t\t\t\t\t\t\t\t\t\t\t\t\t\t<\/div>\n\t\t\t\t<\/div>\n\t\t\t\t<div class=\"elementor-element elementor-element-d913898 elementor-widget elementor-widget-text-editor\" data-id=\"d913898\" data-element_type=\"widget\" data-e-type=\"widget\" data-widget_type=\"text-editor.default\">\n\t\t\t\t<div class=\"elementor-widget-container\">\n\t\t\t\t\t\t\t\t\t<p style=\"text-align: center;\"><a href=\"https:\/\/clasesdemecanica.net\/index.php\/ejercicios-resueltos-cap17-bj-9ed\/\"><strong>Cap\u00edtulo XVII: <\/strong>\u00abMovimiento plano de cuerpos r\u00edgidos: m\u00e9todos de la energ\u00eda y cantidad de movimiento\u00bb<\/a><\/p>\t\t\t\t\t\t\t\t<\/div>\n\t\t\t\t<\/div>\n\t\t\t\t\t<\/div>\n\t\t<\/div>\n\t\t\t\t\t<\/div>\n\t\t<\/section>\n\t\t\t\t<section class=\"elementor-section elementor-inner-section elementor-element elementor-element-1a4f379 elementor-section-boxed elementor-section-height-default elementor-section-height-default\" data-id=\"1a4f379\" data-element_type=\"section\" data-e-type=\"section\">\n\t\t\t\t\t\t<div class=\"elementor-container elementor-column-gap-default\">\n\t\t\t\t\t<div class=\"elementor-column elementor-col-100 elementor-inner-column elementor-element elementor-element-2695e9c\" data-id=\"2695e9c\" data-element_type=\"column\" data-e-type=\"column\">\n\t\t\t<div class=\"elementor-widget-wrap elementor-element-populated\">\n\t\t\t\t\t\t<div class=\"elementor-element elementor-element-0268447 elementor-widget elementor-widget-image\" data-id=\"0268447\" data-element_type=\"widget\" data-e-type=\"widget\" data-widget_type=\"image.default\">\n\t\t\t\t<div class=\"elementor-widget-container\">\n\t\t\t\t\t\t\t\t\t\t\t\t\t\t\t<img loading=\"lazy\" decoding=\"async\" width=\"1371\" height=\"851\" src=\"https:\/\/clasesdemecanica.net\/wp-content\/uploads\/2025\/03\/CAP-18-b-Cinetica-cuerpos-rigidos-3D.jpg\" class=\"attachment-full size-full wp-image-9097\" alt=\"\" srcset=\"https:\/\/clasesdemecanica.net\/wp-content\/uploads\/2025\/03\/CAP-18-b-Cinetica-cuerpos-rigidos-3D.jpg 1371w, https:\/\/clasesdemecanica.net\/wp-content\/uploads\/2025\/03\/CAP-18-b-Cinetica-cuerpos-rigidos-3D-300x186.jpg 300w, https:\/\/clasesdemecanica.net\/wp-content\/uploads\/2025\/03\/CAP-18-b-Cinetica-cuerpos-rigidos-3D-1024x636.jpg 1024w, https:\/\/clasesdemecanica.net\/wp-content\/uploads\/2025\/03\/CAP-18-b-Cinetica-cuerpos-rigidos-3D-768x477.jpg 768w\" sizes=\"(max-width: 1371px) 100vw, 1371px\" \/>\t\t\t\t\t\t\t\t\t\t\t\t\t\t\t<\/div>\n\t\t\t\t<\/div>\n\t\t\t\t<div class=\"elementor-element elementor-element-8860f75 elementor-widget elementor-widget-text-editor\" data-id=\"8860f75\" data-element_type=\"widget\" data-e-type=\"widget\" data-widget_type=\"text-editor.default\">\n\t\t\t\t<div class=\"elementor-widget-container\">\n\t\t\t\t\t\t\t\t\t<p style=\"text-align: center;\"><strong>Cap\u00edtulo XVIII:<\/strong> \u00abCin\u00e9tica de cuerpos r\u00edgidos en tres dimensiones\u00bb<\/p>\t\t\t\t\t\t\t\t<\/div>\n\t\t\t\t<\/div>\n\t\t\t\t\t<\/div>\n\t\t<\/div>\n\t\t\t\t\t<\/div>\n\t\t<\/section>\n\t\t\t\t<section class=\"elementor-section elementor-inner-section elementor-element elementor-element-d747a4b elementor-section-boxed elementor-section-height-default elementor-section-height-default\" data-id=\"d747a4b\" data-element_type=\"section\" data-e-type=\"section\">\n\t\t\t\t\t\t<div class=\"elementor-container elementor-column-gap-default\">\n\t\t\t\t\t<div class=\"elementor-column elementor-col-100 elementor-inner-column elementor-element elementor-element-9b81838\" data-id=\"9b81838\" data-element_type=\"column\" data-e-type=\"column\">\n\t\t\t<div class=\"elementor-widget-wrap elementor-element-populated\">\n\t\t\t\t\t\t<div class=\"elementor-element elementor-element-b32901f elementor-widget elementor-widget-image\" data-id=\"b32901f\" data-element_type=\"widget\" data-e-type=\"widget\" data-widget_type=\"image.default\">\n\t\t\t\t<div class=\"elementor-widget-container\">\n\t\t\t\t\t\t\t\t\t\t\t\t\t\t\t<img loading=\"lazy\" decoding=\"async\" width=\"1372\" height=\"848\" src=\"https:\/\/clasesdemecanica.net\/wp-content\/uploads\/2025\/03\/CAP-19-b-Vibraciones-mecanicas.jpg\" class=\"attachment-full size-full wp-image-9098\" alt=\"\" srcset=\"https:\/\/clasesdemecanica.net\/wp-content\/uploads\/2025\/03\/CAP-19-b-Vibraciones-mecanicas.jpg 1372w, https:\/\/clasesdemecanica.net\/wp-content\/uploads\/2025\/03\/CAP-19-b-Vibraciones-mecanicas-300x185.jpg 300w, https:\/\/clasesdemecanica.net\/wp-content\/uploads\/2025\/03\/CAP-19-b-Vibraciones-mecanicas-1024x633.jpg 1024w, https:\/\/clasesdemecanica.net\/wp-content\/uploads\/2025\/03\/CAP-19-b-Vibraciones-mecanicas-768x475.jpg 768w\" sizes=\"(max-width: 1372px) 100vw, 1372px\" \/>\t\t\t\t\t\t\t\t\t\t\t\t\t\t\t<\/div>\n\t\t\t\t<\/div>\n\t\t\t\t<div class=\"elementor-element elementor-element-50becaf elementor-widget elementor-widget-text-editor\" data-id=\"50becaf\" data-element_type=\"widget\" data-e-type=\"widget\" data-widget_type=\"text-editor.default\">\n\t\t\t\t<div class=\"elementor-widget-container\">\n\t\t\t\t\t\t\t\t\t<p style=\"text-align: center;\"><strong>Cap\u00edtulo XIX:<\/strong> \u00abVibraciones mec\u00e1nicas\u00bb<\/p>\t\t\t\t\t\t\t\t<\/div>\n\t\t\t\t<\/div>\n\t\t\t\t\t<\/div>\n\t\t<\/div>\n\t\t\t\t\t<\/div>\n\t\t<\/section>\n\t\t\t\t\t<\/div>\n\t\t<\/div>\n\t\t\t\t\t<\/div>\n\t\t<\/section>\n\t\t\t\t\t<\/div>\n\t\t<\/div>\n\t\t\t\t\t<\/div>\n\t\t<\/section>\n\t\t\t\t<\/div>\n\t\t","protected":false},"excerpt":{"rendered":"<p>Mec\u00e1nica Vectorial Para Ingenieros DINAMICA &#8211; Beer &#8211; 9na Ed. Cap\u00edtulo XI: \u00abCinem\u00e1tica de Part\u00edculas\u00bb Cap\u00edtulo XII: \u00abCin\u00e9tica de part\u00edculas: segunda ley de Newton\u00bb\u00a0 Cap\u00edtulo XIII: \u00abCin\u00e9tica de part\u00edculas: m\u00e9todos de la energ\u00eda y la cantidad de movimiento\u00bb\u00a0 Cap\u00edtulo XIV: \u00abSistemas de part\u00edculas\u00bb\u00a0 Cap\u00edtulo XV: \u00abCinem\u00e1tica de cuerpos r\u00edgidos\u00bb\u00a0 Cap\u00edtulo XVI: \u00abMovimiento plano de cuerpos [&hellip;]<\/p>\n","protected":false},"author":1,"featured_media":0,"parent":0,"menu_order":0,"comment_status":"closed","ping_status":"closed","template":"","meta":{"footnotes":""},"class_list":["post-9102","page","type-page","status-publish","hentry"],"_links":{"self":[{"href":"https:\/\/clasesdemecanica.net\/index.php\/wp-json\/wp\/v2\/pages\/9102","targetHints":{"allow":["GET"]}}],"collection":[{"href":"https:\/\/clasesdemecanica.net\/index.php\/wp-json\/wp\/v2\/pages"}],"about":[{"href":"https:\/\/clasesdemecanica.net\/index.php\/wp-json\/wp\/v2\/types\/page"}],"author":[{"embeddable":true,"href":"https:\/\/clasesdemecanica.net\/index.php\/wp-json\/wp\/v2\/users\/1"}],"replies":[{"embeddable":true,"href":"https:\/\/clasesdemecanica.net\/index.php\/wp-json\/wp\/v2\/comments?post=9102"}],"version-history":[{"count":19,"href":"https:\/\/clasesdemecanica.net\/index.php\/wp-json\/wp\/v2\/pages\/9102\/revisions"}],"predecessor-version":[{"id":9386,"href":"https:\/\/clasesdemecanica.net\/index.php\/wp-json\/wp\/v2\/pages\/9102\/revisions\/9386"}],"wp:attachment":[{"href":"https:\/\/clasesdemecanica.net\/index.php\/wp-json\/wp\/v2\/media?parent=9102"}],"curies":[{"name":"wp","href":"https:\/\/api.w.org\/{rel}","templated":true}]}}