{"id":952,"date":"2021-02-02T03:38:12","date_gmt":"2021-02-02T03:38:12","guid":{"rendered":"http:\/\/clasesdemecanica.net\/?page_id=952"},"modified":"2023-01-26T22:53:44","modified_gmt":"2023-01-26T22:53:44","slug":"introduccion-a-la-estatica","status":"publish","type":"page","link":"https:\/\/clasesdemecanica.net\/index.php\/introduccion-a-la-estatica\/","title":{"rendered":"Introducci\u00f3n a la est\u00e1tica"},"content":{"rendered":"\t\t<div data-elementor-type=\"wp-page\" data-elementor-id=\"952\" class=\"elementor elementor-952\" data-elementor-post-type=\"page\">\n\t\t\t\t\t\t<section class=\"elementor-section elementor-top-section elementor-element elementor-element-987993a elementor-section-boxed elementor-section-height-default elementor-section-height-default\" data-id=\"987993a\" data-element_type=\"section\" data-e-type=\"section\">\n\t\t\t\t\t\t<div class=\"elementor-container elementor-column-gap-default\">\n\t\t\t\t\t<div class=\"elementor-column elementor-col-100 elementor-top-column elementor-element elementor-element-2395687\" data-id=\"2395687\" data-element_type=\"column\" data-e-type=\"column\">\n\t\t\t<div class=\"elementor-widget-wrap elementor-element-populated\">\n\t\t\t\t\t\t<div class=\"elementor-element elementor-element-cc4c52e elementor-widget elementor-widget-heading\" data-id=\"cc4c52e\" data-element_type=\"widget\" data-e-type=\"widget\" data-widget_type=\"heading.default\">\n\t\t\t\t<div class=\"elementor-widget-container\">\n\t\t\t\t\t<h2 class=\"elementor-heading-title elementor-size-default\">\u00bfQu\u00e9 es la est\u00e1tica?\n<\/h2>\t\t\t\t<\/div>\n\t\t\t\t<\/div>\n\t\t\t\t<div class=\"elementor-element elementor-element-2b97b38 elementor-widget elementor-widget-text-editor\" data-id=\"2b97b38\" data-element_type=\"widget\" data-e-type=\"widget\" data-widget_type=\"text-editor.default\">\n\t\t\t\t<div class=\"elementor-widget-container\">\n\t\t\t\t\t\t\t\t\t<p dir=\"ltr\">La palabra est\u00e1tica proviene del vocablo griego \u00abstatikos\u00bb\u00a0 que significa estacionado, quieto o en equilibrio; como su nombre lo sugiere, la est\u00e1tica es la ciencia que describe y predice el comportamiento de los cuerpos en condiciones de reposo o movimiento a velocidad constante, cuando est\u00e1n sometidos a diferentes fuerzas. El estudio de esta se basa en las leyes de Newton.<\/p>\t\t\t\t\t\t\t\t<\/div>\n\t\t\t\t<\/div>\n\t\t\t\t\t<\/div>\n\t\t<\/div>\n\t\t\t\t\t<\/div>\n\t\t<\/section>\n\t\t\t\t<section class=\"elementor-section elementor-top-section elementor-element elementor-element-1d8350f elementor-section-boxed elementor-section-height-default elementor-section-height-default\" data-id=\"1d8350f\" data-element_type=\"section\" data-e-type=\"section\">\n\t\t\t\t\t\t<div class=\"elementor-container elementor-column-gap-default\">\n\t\t\t\t\t<div class=\"elementor-column elementor-col-33 elementor-top-column elementor-element elementor-element-3f0d823\" data-id=\"3f0d823\" data-element_type=\"column\" data-e-type=\"column\">\n\t\t\t<div class=\"elementor-widget-wrap elementor-element-populated\">\n\t\t\t\t\t\t<div class=\"elementor-element elementor-element-4cdf0dd elementor-widget elementor-widget-image\" data-id=\"4cdf0dd\" data-element_type=\"widget\" data-e-type=\"widget\" data-widget_type=\"image.default\">\n\t\t\t\t<div class=\"elementor-widget-container\">\n\t\t\t\t\t\t\t\t\t\t\t\t\t\t\t<img fetchpriority=\"high\" decoding=\"async\" width=\"199\" height=\"289\" src=\"https:\/\/clasesdemecanica.net\/wp-content\/uploads\/2021\/02\/IsaacNewton.png\" class=\"attachment-full size-full wp-image-955\" alt=\"\" \/>\t\t\t\t\t\t\t\t\t\t\t\t\t\t\t<\/div>\n\t\t\t\t<\/div>\n\t\t\t\t\t<\/div>\n\t\t<\/div>\n\t\t\t\t<div class=\"elementor-column elementor-col-66 elementor-top-column elementor-element elementor-element-9fd7757\" data-id=\"9fd7757\" data-element_type=\"column\" data-e-type=\"column\">\n\t\t\t<div class=\"elementor-widget-wrap elementor-element-populated\">\n\t\t\t\t\t\t<div class=\"elementor-element elementor-element-12a23b1 elementor-widget elementor-widget-heading\" data-id=\"12a23b1\" data-element_type=\"widget\" data-e-type=\"widget\" data-widget_type=\"heading.default\">\n\t\t\t\t<div class=\"elementor-widget-container\">\n\t\t\t\t\t<h2 class=\"elementor-heading-title elementor-size-default\">\u00bfQui\u00e9n fue Newton? \n<\/h2>\t\t\t\t<\/div>\n\t\t\t\t<\/div>\n\t\t\t\t<div class=\"elementor-element elementor-element-c51d922 elementor-widget elementor-widget-text-editor\" data-id=\"c51d922\" data-element_type=\"widget\" data-e-type=\"widget\" data-widget_type=\"text-editor.default\">\n\t\t\t\t<div class=\"elementor-widget-container\">\n\t\t\t\t\t\t\t\t\t<p dir=\"ltr\">Isaac Newton\u00a0 naci\u00f3 en Woolsthorpe (Lincolnshire), un pueblo agr\u00edcola de Inglaterra, el 4 de enero de 1643 y muri\u00f3 en Londres el 31 de marzo de 1727.<\/p><p dir=\"ltr\">No fue un ni\u00f1o prodigio, aunque demostr\u00f3 grandes dotes imaginativas desde muy joven: para jugar dibujaba y constru\u00eda cometas con faroles que hac\u00eda volar por la noche para asustar a la gente.<\/p><p dir=\"ltr\">No conoci\u00f3 a su padre, que muri\u00f3 antes de que \u00e9l naciera. Su madre se volvi\u00f3 a casar y Newton qued\u00f3 a cargo de su abuela. Ella se encarg\u00f3 de su educaci\u00f3n y de enviarlo a la escuela.<\/p><p dir=\"ltr\">A los quince a\u00f1os su propia madre lo sac\u00f3 de la escuela para ayudar en la granja familiar, sus maestros dijeron que era torpe y distra\u00eddo, hasta que un d\u00eda su t\u00edo lo encontr\u00f3 leyendo un libro de matem\u00e1ticas y decidieron que deb\u00eda volver a sus estudios.<\/p><p dir=\"ltr\">En 1661 ingres\u00f3 como estudiante en el mismo College que hab\u00eda estudiado su t\u00edo, el Trinity College Cambridge, pero se pagaba sus estudios con trabajos dom\u00e9sticos.<\/p><p dir=\"ltr\">\u200bNewton dominaba la filosof\u00eda de Arist\u00f3teles, tambi\u00e9n estudi\u00f3 la filosof\u00eda de Descartes, Gassendi y Boyle; la nueva \u00e1lgebra anal\u00edtica de Viete, descartes y Wallis; las matem\u00e1ticas de Cop\u00e9rnico y la astronom\u00eda de galileo.<\/p><p dir=\"ltr\">El maestro que le inspir\u00f3 fue Isaac Barrow al que newton sustituy\u00f3 en la c\u00e1tedra lucasiana de la Universidad de Cambridge en 1669. En 1664 se cerr\u00f3 la Universidad debido a una plaga y Newton regres\u00f3 a su pueblo; all\u00ed estudi\u00f3 durante dos a\u00f1os haciendo experimentos y reflexiones solitarias y sent\u00f3 las bases de sus grandes descubrimientos: La Ley dela Gravitaci\u00f3n Universal, el C\u00e1lculo Infinitesimal, el Teorema del Binomio y la Naturaleza de la Luz. \u00c9ste fue el momento m\u00e1s productivo de su vida cient\u00edfica.<\/p><p dir=\"ltr\">Tomado de <a href=\"https:\/\/es.wikipedia.org\/wiki\/Isaac_Newton\">https:\/\/es.wikipedia.org\/wiki\/Isaac_Newton<\/a><\/p>\t\t\t\t\t\t\t\t<\/div>\n\t\t\t\t<\/div>\n\t\t\t\t\t<\/div>\n\t\t<\/div>\n\t\t\t\t\t<\/div>\n\t\t<\/section>\n\t\t\t\t<section class=\"elementor-section elementor-top-section elementor-element elementor-element-afac856 elementor-section-boxed elementor-section-height-default elementor-section-height-default\" data-id=\"afac856\" data-element_type=\"section\" data-e-type=\"section\">\n\t\t\t\t\t\t<div class=\"elementor-container elementor-column-gap-default\">\n\t\t\t\t\t<div class=\"elementor-column elementor-col-100 elementor-top-column elementor-element elementor-element-2a204d4\" data-id=\"2a204d4\" data-element_type=\"column\" data-e-type=\"column\">\n\t\t\t<div class=\"elementor-widget-wrap elementor-element-populated\">\n\t\t\t\t\t\t<div class=\"elementor-element elementor-element-4607f58 elementor-widget elementor-widget-heading\" data-id=\"4607f58\" data-element_type=\"widget\" data-e-type=\"widget\" data-widget_type=\"heading.default\">\n\t\t\t\t<div class=\"elementor-widget-container\">\n\t\t\t\t\t<h3 class=\"elementor-heading-title elementor-size-default\">LEYES DE NEWTON<\/h3>\t\t\t\t<\/div>\n\t\t\t\t<\/div>\n\t\t\t\t<div class=\"elementor-element elementor-element-932d81f elementor-icon-list--layout-traditional elementor-list-item-link-full_width elementor-widget elementor-widget-icon-list\" data-id=\"932d81f\" data-element_type=\"widget\" data-e-type=\"widget\" data-widget_type=\"icon-list.default\">\n\t\t\t\t<div class=\"elementor-widget-container\">\n\t\t\t\t\t\t\t<ul class=\"elementor-icon-list-items\">\n\t\t\t\t\t\t\t<li class=\"elementor-icon-list-item\">\n\t\t\t\t\t\t\t\t\t\t\t<span class=\"elementor-icon-list-icon\">\n\t\t\t\t\t\t\t<i aria-hidden=\"true\" class=\"fas fa-check\"><\/i>\t\t\t\t\t\t<\/span>\n\t\t\t\t\t\t\t\t\t\t<span class=\"elementor-icon-list-text\"><b>Primera ley o ley de inercia:<\/b> Todo cuerpo permanece en su estado de reposo o de movimiento rectil\u00edneo uniforme a menos que otros cuerpos act\u00faen sobre \u00e9l. <\/span>\n\t\t\t\t\t\t\t\t\t<\/li>\n\t\t\t\t\t\t\t\t<li class=\"elementor-icon-list-item\">\n\t\t\t\t\t\t\t\t\t\t\t<span class=\"elementor-icon-list-icon\">\n\t\t\t\t\t\t\t<i aria-hidden=\"true\" class=\"fas fa-check\"><\/i>\t\t\t\t\t\t<\/span>\n\t\t\t\t\t\t\t\t\t\t<span class=\"elementor-icon-list-text\"><b>Segunda ley o Principio Fundamental de la Din\u00e1mica:<\/b> La fuerza que act\u00faa sobre un cuerpo es directamente proporcional a su aceleraci\u00f3n. <\/span>\n\t\t\t\t\t\t\t\t\t<\/li>\n\t\t\t\t\t\t\t\t<li class=\"elementor-icon-list-item\">\n\t\t\t\t\t\t\t\t\t\t\t<span class=\"elementor-icon-list-icon\">\n\t\t\t\t\t\t\t<i aria-hidden=\"true\" class=\"fas fa-check\"><\/i>\t\t\t\t\t\t<\/span>\n\t\t\t\t\t\t\t\t\t\t<span class=\"elementor-icon-list-text\"><b>Tercera ley o Principio de acci\u00f3n-reacci\u00f3n: <\/b>Cuando un cuerpo ejerce una fuerza sobre otro, \u00e9ste ejerce sobre el primero una fuerza igual y de sentido opuesto. <\/span>\n\t\t\t\t\t\t\t\t\t<\/li>\n\t\t\t\t\t\t<\/ul>\n\t\t\t\t\t\t<\/div>\n\t\t\t\t<\/div>\n\t\t\t\t\t<\/div>\n\t\t<\/div>\n\t\t\t\t\t<\/div>\n\t\t<\/section>\n\t\t\t\t<section class=\"elementor-section elementor-top-section elementor-element elementor-element-10e696e elementor-section-boxed elementor-section-height-default elementor-section-height-default\" data-id=\"10e696e\" data-element_type=\"section\" data-e-type=\"section\">\n\t\t\t\t\t\t<div class=\"elementor-container elementor-column-gap-default\">\n\t\t\t\t\t<div class=\"elementor-column elementor-col-100 elementor-top-column elementor-element elementor-element-d95b675\" data-id=\"d95b675\" data-element_type=\"column\" data-e-type=\"column\">\n\t\t\t<div class=\"elementor-widget-wrap elementor-element-populated\">\n\t\t\t\t\t\t<div class=\"elementor-element elementor-element-ad75f57 elementor-widget elementor-widget-spacer\" data-id=\"ad75f57\" data-element_type=\"widget\" data-e-type=\"widget\" data-widget_type=\"spacer.default\">\n\t\t\t\t<div class=\"elementor-widget-container\">\n\t\t\t\t\t\t\t<div class=\"elementor-spacer\">\n\t\t\t<div class=\"elementor-spacer-inner\"><\/div>\n\t\t<\/div>\n\t\t\t\t\t\t<\/div>\n\t\t\t\t<\/div>\n\t\t\t\t<div class=\"elementor-element elementor-element-fee0446 elementor-widget elementor-widget-heading\" data-id=\"fee0446\" data-element_type=\"widget\" data-e-type=\"widget\" data-widget_type=\"heading.default\">\n\t\t\t\t<div class=\"elementor-widget-container\">\n\t\t\t\t\t<h3 class=\"elementor-heading-title elementor-size-default\">Evoluci\u00f3n de la mec\u00e1nica<\/h3>\t\t\t\t<\/div>\n\t\t\t\t<\/div>\n\t\t\t\t\t<\/div>\n\t\t<\/div>\n\t\t\t\t\t<\/div>\n\t\t<\/section>\n\t\t\t\t<section class=\"elementor-section elementor-top-section elementor-element elementor-element-4300376 elementor-section-boxed elementor-section-height-default elementor-section-height-default\" data-id=\"4300376\" data-element_type=\"section\" data-e-type=\"section\">\n\t\t\t\t\t\t<div class=\"elementor-container elementor-column-gap-default\">\n\t\t\t\t\t<div class=\"elementor-column elementor-col-100 elementor-top-column elementor-element elementor-element-4ba9978\" data-id=\"4ba9978\" data-element_type=\"column\" data-e-type=\"column\">\n\t\t\t<div class=\"elementor-widget-wrap elementor-element-populated\">\n\t\t\t\t\t\t<div class=\"elementor-element elementor-element-40f5761 elementor-widget elementor-widget-image\" data-id=\"40f5761\" data-element_type=\"widget\" data-e-type=\"widget\" data-widget_type=\"image.default\">\n\t\t\t\t<div class=\"elementor-widget-container\">\n\t\t\t\t\t\t\t\t\t\t\t\t\t\t\t<img decoding=\"async\" width=\"809\" height=\"1920\" src=\"https:\/\/clasesdemecanica.net\/wp-content\/uploads\/2022\/12\/Sin-titulo-2.png\" class=\"attachment-full size-full wp-image-5545\" alt=\"\" srcset=\"https:\/\/clasesdemecanica.net\/wp-content\/uploads\/2022\/12\/Sin-titulo-2.png 809w, https:\/\/clasesdemecanica.net\/wp-content\/uploads\/2022\/12\/Sin-titulo-2-126x300.png 126w, https:\/\/clasesdemecanica.net\/wp-content\/uploads\/2022\/12\/Sin-titulo-2-432x1024.png 432w, https:\/\/clasesdemecanica.net\/wp-content\/uploads\/2022\/12\/Sin-titulo-2-768x1822.png 768w, https:\/\/clasesdemecanica.net\/wp-content\/uploads\/2022\/12\/Sin-titulo-2-863x2048.png 863w\" sizes=\"(max-width: 809px) 100vw, 809px\" \/>\t\t\t\t\t\t\t\t\t\t\t\t\t\t\t<\/div>\n\t\t\t\t<\/div>\n\t\t\t\t\t<\/div>\n\t\t<\/div>\n\t\t\t\t\t<\/div>\n\t\t<\/section>\n\t\t\t\t<section class=\"elementor-section elementor-top-section elementor-element elementor-element-a82db91 elementor-section-boxed elementor-section-height-default elementor-section-height-default\" data-id=\"a82db91\" data-element_type=\"section\" data-e-type=\"section\">\n\t\t\t\t\t\t<div class=\"elementor-container elementor-column-gap-default\">\n\t\t\t\t\t<div class=\"elementor-column elementor-col-100 elementor-top-column elementor-element elementor-element-98f4cd9\" data-id=\"98f4cd9\" data-element_type=\"column\" data-e-type=\"column\">\n\t\t\t<div class=\"elementor-widget-wrap elementor-element-populated\">\n\t\t\t\t\t\t<div class=\"elementor-element elementor-element-b58981f elementor-widget elementor-widget-heading\" data-id=\"b58981f\" data-element_type=\"widget\" data-e-type=\"widget\" data-widget_type=\"heading.default\">\n\t\t\t\t<div class=\"elementor-widget-container\">\n\t\t\t\t\t<h2 class=\"elementor-heading-title elementor-size-default\">Areas de la mec\u00e1nica de s\u00f3lidos<\/h2>\t\t\t\t<\/div>\n\t\t\t\t<\/div>\n\t\t\t\t<div class=\"elementor-element elementor-element-c1b2b6a elementor-widget elementor-widget-image\" data-id=\"c1b2b6a\" data-element_type=\"widget\" data-e-type=\"widget\" data-widget_type=\"image.default\">\n\t\t\t\t<div class=\"elementor-widget-container\">\n\t\t\t\t\t\t\t\t\t\t\t\t\t\t\t<img decoding=\"async\" width=\"631\" height=\"406\" src=\"https:\/\/clasesdemecanica.net\/wp-content\/uploads\/2022\/12\/Areas-mecanica-de-solidos.jpg\" class=\"attachment-large size-large wp-image-5663\" alt=\"\" srcset=\"https:\/\/clasesdemecanica.net\/wp-content\/uploads\/2022\/12\/Areas-mecanica-de-solidos.jpg 631w, https:\/\/clasesdemecanica.net\/wp-content\/uploads\/2022\/12\/Areas-mecanica-de-solidos-300x193.jpg 300w\" sizes=\"(max-width: 631px) 100vw, 631px\" \/>\t\t\t\t\t\t\t\t\t\t\t\t\t\t\t<\/div>\n\t\t\t\t<\/div>\n\t\t\t\t\t<\/div>\n\t\t<\/div>\n\t\t\t\t\t<\/div>\n\t\t<\/section>\n\t\t\t\t<section class=\"elementor-section elementor-top-section elementor-element elementor-element-707d1a7 elementor-section-boxed elementor-section-height-default elementor-section-height-default\" data-id=\"707d1a7\" data-element_type=\"section\" data-e-type=\"section\">\n\t\t\t\t\t\t<div class=\"elementor-container elementor-column-gap-default\">\n\t\t\t\t\t<div class=\"elementor-column elementor-col-50 elementor-top-column elementor-element elementor-element-64adb2b\" data-id=\"64adb2b\" data-element_type=\"column\" data-e-type=\"column\">\n\t\t\t<div class=\"elementor-widget-wrap elementor-element-populated\">\n\t\t\t\t\t\t<div class=\"elementor-element elementor-element-37631f1 elementor-widget elementor-widget-video\" data-id=\"37631f1\" data-element_type=\"widget\" data-e-type=\"widget\" data-settings=\"{&quot;youtube_url&quot;:&quot;https:\\\/\\\/youtu.be\\\/m9m-scXkgqM&quot;,&quot;video_type&quot;:&quot;youtube&quot;,&quot;controls&quot;:&quot;yes&quot;}\" data-widget_type=\"video.default\">\n\t\t\t\t<div class=\"elementor-widget-container\">\n\t\t\t\t\t\t\t<div class=\"elementor-wrapper elementor-open-inline\">\n\t\t\t<div class=\"elementor-video\"><\/div>\t\t<\/div>\n\t\t\t\t\t\t<\/div>\n\t\t\t\t<\/div>\n\t\t\t\t\t<\/div>\n\t\t<\/div>\n\t\t\t\t<div class=\"elementor-column elementor-col-50 elementor-top-column elementor-element elementor-element-3382e3b\" data-id=\"3382e3b\" data-element_type=\"column\" data-e-type=\"column\">\n\t\t\t<div class=\"elementor-widget-wrap elementor-element-populated\">\n\t\t\t\t\t\t<div class=\"elementor-element elementor-element-0924879 elementor-widget elementor-widget-heading\" data-id=\"0924879\" data-element_type=\"widget\" data-e-type=\"widget\" data-widget_type=\"heading.default\">\n\t\t\t\t<div class=\"elementor-widget-container\">\n\t\t\t\t\t<h2 class=\"elementor-heading-title elementor-size-default\">Introducci\u00f3n a la Mec\u00e1nica Vectorial para Ingenieros<\/h2>\t\t\t\t<\/div>\n\t\t\t\t<\/div>\n\t\t\t\t<div class=\"elementor-element elementor-element-91c1371 elementor-widget elementor-widget-text-editor\" data-id=\"91c1371\" data-element_type=\"widget\" data-e-type=\"widget\" data-widget_type=\"text-editor.default\">\n\t\t\t\t<div class=\"elementor-widget-container\">\n\t\t\t\t\t\t\t\t\t<p>Este video es la introducci\u00f3n al curso de Mec\u00e1nica Vectorial, est\u00e1tica.<\/p><p>Donde se ver\u00e1n los temas:<\/p><p>-\u00bfQu\u00e9 es la mec\u00e1nica?<\/p><p>&#8211; Conceptos y principios<\/p><p>&#8211; Sistema de unidades<\/p><p>&#8211; Procedimiento de an\u00e1lisis en ingenier\u00eda<\/p>\t\t\t\t\t\t\t\t<\/div>\n\t\t\t\t<\/div>\n\t\t\t\t\t<\/div>\n\t\t<\/div>\n\t\t\t\t\t<\/div>\n\t\t<\/section>\n\t\t\t\t<\/div>\n\t\t","protected":false},"excerpt":{"rendered":"<p>\u00bfQu\u00e9 es la est\u00e1tica? La palabra est\u00e1tica proviene del vocablo griego \u00abstatikos\u00bb\u00a0 que significa estacionado, quieto o en equilibrio; como su nombre lo sugiere, la est\u00e1tica es la ciencia que describe y predice el comportamiento de los cuerpos en condiciones de reposo o movimiento a velocidad constante, cuando est\u00e1n sometidos a diferentes fuerzas. El estudio [&hellip;]<\/p>\n","protected":false},"author":1,"featured_media":0,"parent":0,"menu_order":0,"comment_status":"closed","ping_status":"closed","template":"","meta":{"footnotes":""},"class_list":["post-952","page","type-page","status-publish","hentry"],"_links":{"self":[{"href":"https:\/\/clasesdemecanica.net\/index.php\/wp-json\/wp\/v2\/pages\/952","targetHints":{"allow":["GET"]}}],"collection":[{"href":"https:\/\/clasesdemecanica.net\/index.php\/wp-json\/wp\/v2\/pages"}],"about":[{"href":"https:\/\/clasesdemecanica.net\/index.php\/wp-json\/wp\/v2\/types\/page"}],"author":[{"embeddable":true,"href":"https:\/\/clasesdemecanica.net\/index.php\/wp-json\/wp\/v2\/users\/1"}],"replies":[{"embeddable":true,"href":"https:\/\/clasesdemecanica.net\/index.php\/wp-json\/wp\/v2\/comments?post=952"}],"version-history":[{"count":25,"href":"https:\/\/clasesdemecanica.net\/index.php\/wp-json\/wp\/v2\/pages\/952\/revisions"}],"predecessor-version":[{"id":5811,"href":"https:\/\/clasesdemecanica.net\/index.php\/wp-json\/wp\/v2\/pages\/952\/revisions\/5811"}],"wp:attachment":[{"href":"https:\/\/clasesdemecanica.net\/index.php\/wp-json\/wp\/v2\/media?parent=952"}],"curies":[{"name":"wp","href":"https:\/\/api.w.org\/{rel}","templated":true}]}}